{"id":174,"date":"2024-09-27T16:08:09","date_gmt":"2024-09-27T14:08:09","guid":{"rendered":"https:\/\/www.linvitationducolibri.com\/?page_id=174"},"modified":"2024-10-11T15:22:01","modified_gmt":"2024-10-11T13:22:01","slug":"elementor-174","status":"publish","type":"page","link":"https:\/\/www.linvitationducolibri.com\/index.php\/elementor-174\/","title":{"rendered":"Cr\u00e9ations personnalis\u00e9es"},"content":{"rendered":"\t\t<div data-elementor-type=\"wp-page\" data-elementor-id=\"174\" class=\"elementor elementor-174\">\n\t\t\t\t\t\t\t<div class=\"elementor-element elementor-element-4133a48 e-flex e-con-boxed e-con e-parent\" data-id=\"4133a48\" data-element_type=\"container\" data-settings=\"{&quot;content_width&quot;:&quot;boxed&quot;}\" data-core-v316-plus=\"true\">\n\t\t\t\t\t<div class=\"e-con-inner\">\n\t\t\t\t<div class=\"elementor-element elementor-element-58f43d1 elementor-widget elementor-widget-heading\" data-id=\"58f43d1\" data-element_type=\"widget\" data-widget_type=\"heading.default\">\n\t\t\t\t<div class=\"elementor-widget-container\">\n\t\t\t<style>\/*! elementor - v3.18.0 - 08-12-2023 *\/\n.elementor-heading-title{padding:0;margin:0;line-height:1}.elementor-widget-heading .elementor-heading-title[class*=elementor-size-]>a{color:inherit;font-size:inherit;line-height:inherit}.elementor-widget-heading .elementor-heading-title.elementor-size-small{font-size:15px}.elementor-widget-heading .elementor-heading-title.elementor-size-medium{font-size:19px}.elementor-widget-heading .elementor-heading-title.elementor-size-large{font-size:29px}.elementor-widget-heading .elementor-heading-title.elementor-size-xl{font-size:39px}.elementor-widget-heading .elementor-heading-title.elementor-size-xxl{font-size:59px}<\/style><h2 class=\"elementor-heading-title elementor-size-default\">Ta cr\u00e9ation personnalis\u00e9e au service d'une part de toi.<\/h2>\t\t<\/div>\n\t\t\t\t<\/div>\n\t\t\t\t\t<\/div>\n\t\t\t\t<\/div>\n\t\t<div class=\"elementor-element elementor-element-4e924a0 e-flex e-con-boxed e-con e-parent\" data-id=\"4e924a0\" data-element_type=\"container\" data-settings=\"{&quot;content_width&quot;:&quot;boxed&quot;}\" data-core-v316-plus=\"true\">\n\t\t\t\t\t<div class=\"e-con-inner\">\n\t\t\t\t<div class=\"elementor-element elementor-element-bd74e9e elementor-widget elementor-widget-heading\" data-id=\"bd74e9e\" data-element_type=\"widget\" data-widget_type=\"heading.default\">\n\t\t\t\t<div class=\"elementor-widget-container\">\n\t\t\t<h2 class=\"elementor-heading-title elementor-size-default\">La m\u00e9diumnit\u00e9 au service de l'art. <\/h2>\t\t<\/div>\n\t\t\t\t<\/div>\n\t\t\t\t\t<\/div>\n\t\t\t\t<\/div>\n\t\t<div class=\"elementor-element elementor-element-0296219 e-flex e-con-boxed e-con e-parent\" data-id=\"0296219\" data-element_type=\"container\" data-settings=\"{&quot;content_width&quot;:&quot;boxed&quot;}\" data-core-v316-plus=\"true\">\n\t\t\t\t\t<div class=\"e-con-inner\">\n\t\t\t\t<div class=\"elementor-element elementor-element-0ed2d95 elementor-widget elementor-widget-text-editor\" data-id=\"0ed2d95\" data-element_type=\"widget\" data-widget_type=\"text-editor.default\">\n\t\t\t\t<div class=\"elementor-widget-container\">\n\t\t\t<style>\/*! elementor - v3.18.0 - 08-12-2023 *\/\n.elementor-widget-text-editor.elementor-drop-cap-view-stacked .elementor-drop-cap{background-color:#69727d;color:#fff}.elementor-widget-text-editor.elementor-drop-cap-view-framed .elementor-drop-cap{color:#69727d;border:3px solid;background-color:transparent}.elementor-widget-text-editor:not(.elementor-drop-cap-view-default) .elementor-drop-cap{margin-top:8px}.elementor-widget-text-editor:not(.elementor-drop-cap-view-default) .elementor-drop-cap-letter{width:1em;height:1em}.elementor-widget-text-editor .elementor-drop-cap{float:left;text-align:center;line-height:1;font-size:50px}.elementor-widget-text-editor .elementor-drop-cap-letter{display:inline-block}<\/style>\t\t\t\t<p>Sur une toile, d&#8217;un format de ton choix, je me connecte \u00e0 toi et en ressors l&#8217;essence la plus repr\u00e9sentative de <b>tes \u00e9nergies du moment pr\u00e9sent.\u00a0<\/b><\/p><p>Cette <b>cr\u00e9ation personnalis\u00e9e<\/b> te permet :\u00a0<\/p><p>&#8211; d&#8217;avoir un nouveau regard sur toi<\/p><p>&#8211; d&#8217;<b>engrammer des informations \u00e9nerg\u00e9tiques<\/b> gr\u00e2ce \u00e0 l&#8217;\u00e9criture sacr\u00e9e<\/p><p>&#8211; d&#8217;engrammer tes demandes sp\u00e9cifiques (par exemple, que tes consultants ou toi-m\u00eame l\u00e2chiez prise dans ton lieu)<\/p><p>&#8211; de vivre un v\u00e9ritable plongeon dans ton univers int\u00e9rieur<\/p><p>&#8211; d&#8217;illustrer ta maison ou ton cabinet avec<b> une fr\u00e9quence qui \u00e9mane de toi<\/b><\/p><p>\u00a0<\/p><p>Je te conseille de mettre ce tableau dans ta chambre ou dans ton bureau pour en profiter de mani\u00e8re optimale.\u00a0<\/p>\t\t\t\t\t\t<\/div>\n\t\t\t\t<\/div>\n\t\t\t\t\t<\/div>\n\t\t\t\t<\/div>\n\t\t<div class=\"elementor-element elementor-element-ba34ccf e-flex e-con-boxed e-con e-parent\" data-id=\"ba34ccf\" data-element_type=\"container\" data-settings=\"{&quot;content_width&quot;:&quot;boxed&quot;}\" data-core-v316-plus=\"true\">\n\t\t\t\t\t<div class=\"e-con-inner\">\n\t\t\t\t<div class=\"elementor-element elementor-element-d0467df elementor-align-center elementor-widget elementor-widget-button\" data-id=\"d0467df\" data-element_type=\"widget\" data-widget_type=\"button.default\">\n\t\t\t\t<div class=\"elementor-widget-container\">\n\t\t\t\t\t<div class=\"elementor-button-wrapper\">\n\t\t\t<a class=\"elementor-button elementor-button-link elementor-size-sm\" href=\"#\">\n\t\t\t\t\t\t<span class=\"elementor-button-content-wrapper\">\n\t\t\t\t\t\t<span class=\"elementor-button-text\">\u00e0 partir de 100 euros - sur devis - Paiement possible en plusieurs fois sur demande<\/span>\n\t\t<\/span>\n\t\t\t\t\t<\/a>\n\t\t<\/div>\n\t\t\t\t<\/div>\n\t\t\t\t<\/div>\n\t\t\t\t\t<\/div>\n\t\t\t\t<\/div>\n\t\t<div class=\"elementor-element elementor-element-70b12bb e-flex e-con-boxed e-con e-parent\" data-id=\"70b12bb\" data-element_type=\"container\" data-settings=\"{&quot;content_width&quot;:&quot;boxed&quot;}\" data-core-v316-plus=\"true\">\n\t\t\t\t\t<div class=\"e-con-inner\">\n\t\t<div class=\"elementor-element elementor-element-058096f e-con-full e-flex e-con e-child\" data-id=\"058096f\" data-element_type=\"container\" data-settings=\"{&quot;content_width&quot;:&quot;full&quot;}\">\n\t\t\t\t<div class=\"elementor-element elementor-element-3aa1f56 elementor-widget elementor-widget-image\" data-id=\"3aa1f56\" data-element_type=\"widget\" data-widget_type=\"image.default\">\n\t\t\t\t<div class=\"elementor-widget-container\">\n\t\t\t<style>\/*! elementor - v3.18.0 - 08-12-2023 *\/\n.elementor-widget-image{text-align:center}.elementor-widget-image a{display:inline-block}.elementor-widget-image a img[src$=\".svg\"]{width:48px}.elementor-widget-image img{vertical-align:middle;display:inline-block}<\/style>\t\t\t\t\t\t\t\t\t\t\t\t<img fetchpriority=\"high\" decoding=\"async\" width=\"985\" height=\"1024\" src=\"https:\/\/www.linvitationducolibri.com\/wp-content\/uploads\/2024\/09\/IMG_E9065-985x1024.jpg\" class=\"attachment-large size-large wp-image-183\" alt=\"La danse des f\u00e9es\" srcset=\"https:\/\/www.linvitationducolibri.com\/wp-content\/uploads\/2024\/09\/IMG_E9065-985x1024.jpg 985w, https:\/\/www.linvitationducolibri.com\/wp-content\/uploads\/2024\/09\/IMG_E9065-289x300.jpg 289w, https:\/\/www.linvitationducolibri.com\/wp-content\/uploads\/2024\/09\/IMG_E9065-768x798.jpg 768w, https:\/\/www.linvitationducolibri.com\/wp-content\/uploads\/2024\/09\/IMG_E9065-1477x1536.jpg 1477w, https:\/\/www.linvitationducolibri.com\/wp-content\/uploads\/2024\/09\/IMG_E9065-1970x2048.jpg 1970w\" sizes=\"(max-width: 985px) 100vw, 985px\" \/>\t\t\t\t\t\t\t\t\t\t\t\t\t\t\t<\/div>\n\t\t\t\t<\/div>\n\t\t\t\t<div class=\"elementor-element elementor-element-023a45b elementor-widget elementor-widget-heading\" data-id=\"023a45b\" data-element_type=\"widget\" data-widget_type=\"heading.default\">\n\t\t\t\t<div class=\"elementor-widget-container\">\n\t\t\t<h2 class=\"elementor-heading-title elementor-size-default\">\"La danse des f\u00e9es\"<\/h2>\t\t<\/div>\n\t\t\t\t<\/div>\n\t\t\t\t<\/div>\n\t\t<div class=\"elementor-element elementor-element-05474ee e-con-full e-flex e-con e-child\" data-id=\"05474ee\" data-element_type=\"container\" data-settings=\"{&quot;content_width&quot;:&quot;full&quot;}\">\n\t\t\t\t<div class=\"elementor-element elementor-element-d25012c elementor-widget elementor-widget-image\" data-id=\"d25012c\" data-element_type=\"widget\" data-widget_type=\"image.default\">\n\t\t\t\t<div class=\"elementor-widget-container\">\n\t\t\t\t\t\t\t\t\t\t\t\t\t\t\t<img decoding=\"async\" width=\"1024\" height=\"797\" src=\"https:\/\/www.linvitationducolibri.com\/wp-content\/uploads\/2024\/09\/IMG_0455-1024x797.jpg\" class=\"attachment-large size-large wp-image-182\" alt=\"La Novatrice\" srcset=\"https:\/\/www.linvitationducolibri.com\/wp-content\/uploads\/2024\/09\/IMG_0455-1024x797.jpg 1024w, https:\/\/www.linvitationducolibri.com\/wp-content\/uploads\/2024\/09\/IMG_0455-300x234.jpg 300w, https:\/\/www.linvitationducolibri.com\/wp-content\/uploads\/2024\/09\/IMG_0455-768x598.jpg 768w, https:\/\/www.linvitationducolibri.com\/wp-content\/uploads\/2024\/09\/IMG_0455-1536x1196.jpg 1536w, https:\/\/www.linvitationducolibri.com\/wp-content\/uploads\/2024\/09\/IMG_0455-2048x1594.jpg 2048w\" sizes=\"(max-width: 1024px) 100vw, 1024px\" \/>\t\t\t\t\t\t\t\t\t\t\t\t\t\t\t<\/div>\n\t\t\t\t<\/div>\n\t\t\t\t<div class=\"elementor-element elementor-element-041e8e4 elementor-widget elementor-widget-heading\" data-id=\"041e8e4\" data-element_type=\"widget\" data-widget_type=\"heading.default\">\n\t\t\t\t<div class=\"elementor-widget-container\">\n\t\t\t<h2 class=\"elementor-heading-title elementor-size-default\">\"La Novatrice\"<\/h2>\t\t<\/div>\n\t\t\t\t<\/div>\n\t\t\t\t<\/div>\n\t\t\t\t\t<\/div>\n\t\t\t\t<\/div>\n\t\t<div class=\"elementor-element elementor-element-bd466c8 e-flex e-con-boxed e-con e-parent\" data-id=\"bd466c8\" data-element_type=\"container\" data-settings=\"{&quot;content_width&quot;:&quot;boxed&quot;}\" data-core-v316-plus=\"true\">\n\t\t\t\t\t<div class=\"e-con-inner\">\n\t\t<div class=\"elementor-element elementor-element-cb81370 e-con-full e-flex e-con e-child\" data-id=\"cb81370\" data-element_type=\"container\" data-settings=\"{&quot;content_width&quot;:&quot;full&quot;}\">\n\t\t\t\t<div class=\"elementor-element elementor-element-4569bab elementor-widget elementor-widget-image\" data-id=\"4569bab\" data-element_type=\"widget\" data-widget_type=\"image.default\">\n\t\t\t\t<div class=\"elementor-widget-container\">\n\t\t\t\t\t\t\t\t\t\t\t\t\t\t\t<img decoding=\"async\" width=\"682\" height=\"735\" src=\"https:\/\/www.linvitationducolibri.com\/wp-content\/uploads\/2024\/09\/IMG_8422.jpg\" class=\"attachment-large size-large wp-image-184\" alt=\"Un ange passe\" srcset=\"https:\/\/www.linvitationducolibri.com\/wp-content\/uploads\/2024\/09\/IMG_8422.jpg 682w, https:\/\/www.linvitationducolibri.com\/wp-content\/uploads\/2024\/09\/IMG_8422-278x300.jpg 278w\" sizes=\"(max-width: 682px) 100vw, 682px\" \/>\t\t\t\t\t\t\t\t\t\t\t\t\t\t\t<\/div>\n\t\t\t\t<\/div>\n\t\t\t\t<div class=\"elementor-element elementor-element-493364b elementor-widget elementor-widget-heading\" data-id=\"493364b\" data-element_type=\"widget\" data-widget_type=\"heading.default\">\n\t\t\t\t<div class=\"elementor-widget-container\">\n\t\t\t<h2 class=\"elementor-heading-title elementor-size-default\">\"Un ange passe\"<\/h2>\t\t<\/div>\n\t\t\t\t<\/div>\n\t\t\t\t<\/div>\n\t\t<div class=\"elementor-element elementor-element-c955637 e-con-full e-flex e-con e-child\" data-id=\"c955637\" data-element_type=\"container\" data-settings=\"{&quot;content_width&quot;:&quot;full&quot;}\">\n\t\t\t\t<div class=\"elementor-element elementor-element-90a18d5 elementor-widget elementor-widget-image\" data-id=\"90a18d5\" data-element_type=\"widget\" data-widget_type=\"image.default\">\n\t\t\t\t<div class=\"elementor-widget-container\">\n\t\t\t\t\t\t\t\t\t\t\t\t\t\t\t<img loading=\"lazy\" decoding=\"async\" width=\"700\" height=\"1024\" src=\"https:\/\/www.linvitationducolibri.com\/wp-content\/uploads\/2024\/09\/IMG_9066-700x1024.jpg\" class=\"attachment-large size-large wp-image-185\" alt=\"Dans les mains de Marie-Madeleine\" srcset=\"https:\/\/www.linvitationducolibri.com\/wp-content\/uploads\/2024\/09\/IMG_9066-700x1024.jpg 700w, https:\/\/www.linvitationducolibri.com\/wp-content\/uploads\/2024\/09\/IMG_9066-205x300.jpg 205w, https:\/\/www.linvitationducolibri.com\/wp-content\/uploads\/2024\/09\/IMG_9066-768x1123.jpg 768w, https:\/\/www.linvitationducolibri.com\/wp-content\/uploads\/2024\/09\/IMG_9066-1050x1536.jpg 1050w, https:\/\/www.linvitationducolibri.com\/wp-content\/uploads\/2024\/09\/IMG_9066-1400x2048.jpg 1400w, https:\/\/www.linvitationducolibri.com\/wp-content\/uploads\/2024\/09\/IMG_9066-scaled.jpg 1751w\" sizes=\"(max-width: 700px) 100vw, 700px\" \/>\t\t\t\t\t\t\t\t\t\t\t\t\t\t\t<\/div>\n\t\t\t\t<\/div>\n\t\t\t\t<div class=\"elementor-element elementor-element-ba25967 elementor-widget elementor-widget-heading\" data-id=\"ba25967\" data-element_type=\"widget\" data-widget_type=\"heading.default\">\n\t\t\t\t<div class=\"elementor-widget-container\">\n\t\t\t<h2 class=\"elementor-heading-title elementor-size-default\">\"Dans les mains de <br>Marie-Madeleine\"<\/h2>\t\t<\/div>\n\t\t\t\t<\/div>\n\t\t\t\t<\/div>\n\t\t\t\t\t<\/div>\n\t\t\t\t<\/div>\n\t\t<div class=\"elementor-element elementor-element-ce55b77 e-flex e-con-boxed e-con e-parent\" data-id=\"ce55b77\" data-element_type=\"container\" data-settings=\"{&quot;content_width&quot;:&quot;boxed&quot;}\" data-core-v316-plus=\"true\">\n\t\t\t\t\t<div class=\"e-con-inner\">\n\t\t\t\t<div class=\"elementor-element elementor-element-3f7ce35 elementor-align-center elementor-widget elementor-widget-button\" data-id=\"3f7ce35\" data-element_type=\"widget\" data-widget_type=\"button.default\">\n\t\t\t\t<div class=\"elementor-widget-container\">\n\t\t\t\t\t<div class=\"elementor-button-wrapper\">\n\t\t\t<a class=\"elementor-button elementor-button-link elementor-size-lg\" href=\"#\">\n\t\t\t\t\t\t<span class=\"elementor-button-content-wrapper\">\n\t\t\t\t\t\t<span class=\"elementor-button-text\">Ta cr\u00e9ation personnalis\u00e9e t'appelle, contacte moi au 07 78 18 46 94 ou vsb56.pro@gmail.com<\/span>\n\t\t<\/span>\n\t\t\t\t\t<\/a>\n\t\t<\/div>\n\t\t\t\t<\/div>\n\t\t\t\t<\/div>\n\t\t\t\t\t<\/div>\n\t\t\t\t<\/div>\n\t\t\t\t\t\t\t<\/div>\n\t\t","protected":false},"excerpt":{"rendered":"<p>Ta cr\u00e9ation personnalis\u00e9e au service d&#8217;une part de toi. La m\u00e9diumnit\u00e9 au service de l&#8217;art. Sur une toile, d&#8217;un format de ton choix, je me connecte \u00e0 toi et en ressors l&#8217;essence la plus repr\u00e9sentative de tes \u00e9nergies du moment pr\u00e9sent.\u00a0 Cette cr\u00e9ation personnalis\u00e9e te permet :\u00a0 &#8211; d&#8217;avoir un nouveau regard sur toi &#8211; [&hellip;]<\/p>\n","protected":false},"author":1,"featured_media":184,"parent":0,"menu_order":0,"comment_status":"closed","ping_status":"closed","template":"","meta":{"footnotes":""},"class_list":["post-174","page","type-page","status-publish","has-post-thumbnail","hentry"],"yoast_head":"<!-- This site is optimized with the Yoast SEO plugin v21.6 - https:\/\/yoast.com\/wordpress\/plugins\/seo\/ -->\n<title>Cr\u00e9ations personnalis\u00e9es - L&#039;invitation du colibri<\/title>\n<meta name=\"robots\" content=\"index, follow, max-snippet:-1, max-image-preview:large, max-video-preview:-1\" \/>\n<link rel=\"canonical\" href=\"https:\/\/www.linvitationducolibri.com\/index.php\/elementor-174\/\" \/>\n<meta property=\"og:locale\" content=\"en_US\" \/>\n<meta property=\"og:type\" content=\"article\" \/>\n<meta property=\"og:title\" content=\"Cr\u00e9ations personnalis\u00e9es - L&#039;invitation du colibri\" \/>\n<meta property=\"og:description\" content=\"Ta cr\u00e9ation personnalis\u00e9e au service d&#8217;une part de toi. La m\u00e9diumnit\u00e9 au service de l&#8217;art. Sur une toile, d&#8217;un format de ton choix, je me connecte \u00e0 toi et en ressors l&#8217;essence la plus repr\u00e9sentative de tes \u00e9nergies du moment pr\u00e9sent.\u00a0 Cette cr\u00e9ation personnalis\u00e9e te permet :\u00a0 &#8211; d&#8217;avoir un nouveau regard sur toi &#8211; [&hellip;]\" \/>\n<meta property=\"og:url\" content=\"https:\/\/www.linvitationducolibri.com\/index.php\/elementor-174\/\" \/>\n<meta property=\"og:site_name\" content=\"L&#039;invitation du colibri\" \/>\n<meta property=\"article:modified_time\" content=\"2024-10-11T13:22:01+00:00\" \/>\n<meta property=\"og:image\" content=\"https:\/\/www.linvitationducolibri.com\/wp-content\/uploads\/2024\/09\/IMG_8422.jpg\" \/>\n\t<meta property=\"og:image:width\" content=\"682\" \/>\n\t<meta property=\"og:image:height\" content=\"735\" \/>\n\t<meta property=\"og:image:type\" content=\"image\/jpeg\" \/>\n<meta name=\"twitter:card\" content=\"summary_large_image\" \/>\n<meta name=\"twitter:label1\" content=\"Est. reading time\" \/>\n\t<meta name=\"twitter:data1\" content=\"2 minutes\" \/>\n<script type=\"application\/ld+json\" class=\"yoast-schema-graph\">{\"@context\":\"https:\/\/schema.org\",\"@graph\":[{\"@type\":\"WebPage\",\"@id\":\"https:\/\/www.linvitationducolibri.com\/index.php\/elementor-174\/\",\"url\":\"https:\/\/www.linvitationducolibri.com\/index.php\/elementor-174\/\",\"name\":\"Cr\u00e9ations personnalis\u00e9es - L&#039;invitation du colibri\",\"isPartOf\":{\"@id\":\"http:\/\/www.linvitationducolibri.com\/#website\"},\"datePublished\":\"2024-09-27T14:08:09+00:00\",\"dateModified\":\"2024-10-11T13:22:01+00:00\",\"breadcrumb\":{\"@id\":\"https:\/\/www.linvitationducolibri.com\/index.php\/elementor-174\/#breadcrumb\"},\"inLanguage\":\"en-US\",\"potentialAction\":[{\"@type\":\"ReadAction\",\"target\":[\"https:\/\/www.linvitationducolibri.com\/index.php\/elementor-174\/\"]}]},{\"@type\":\"BreadcrumbList\",\"@id\":\"https:\/\/www.linvitationducolibri.com\/index.php\/elementor-174\/#breadcrumb\",\"itemListElement\":[{\"@type\":\"ListItem\",\"position\":1,\"name\":\"Home\",\"item\":\"http:\/\/www.linvitationducolibri.com\/\"},{\"@type\":\"ListItem\",\"position\":2,\"name\":\"Cr\u00e9ations personnalis\u00e9es\"}]},{\"@type\":\"WebSite\",\"@id\":\"http:\/\/www.linvitationducolibri.com\/#website\",\"url\":\"http:\/\/www.linvitationducolibri.com\/\",\"name\":\"L&#039;invitation du colibri\",\"description\":\"Virginie Sylvestre-Baron\",\"potentialAction\":[{\"@type\":\"SearchAction\",\"target\":{\"@type\":\"EntryPoint\",\"urlTemplate\":\"http:\/\/www.linvitationducolibri.com\/?s={search_term_string}\"},\"query-input\":\"required name=search_term_string\"}],\"inLanguage\":\"en-US\"}]}<\/script>\n<!-- \/ Yoast SEO plugin. -->","yoast_head_json":{"title":"Cr\u00e9ations personnalis\u00e9es - L&#039;invitation du colibri","robots":{"index":"index","follow":"follow","max-snippet":"max-snippet:-1","max-image-preview":"max-image-preview:large","max-video-preview":"max-video-preview:-1"},"canonical":"https:\/\/www.linvitationducolibri.com\/index.php\/elementor-174\/","og_locale":"en_US","og_type":"article","og_title":"Cr\u00e9ations personnalis\u00e9es - L&#039;invitation du colibri","og_description":"Ta cr\u00e9ation personnalis\u00e9e au service d&#8217;une part de toi. La m\u00e9diumnit\u00e9 au service de l&#8217;art. Sur une toile, d&#8217;un format de ton choix, je me connecte \u00e0 toi et en ressors l&#8217;essence la plus repr\u00e9sentative de tes \u00e9nergies du moment pr\u00e9sent.\u00a0 Cette cr\u00e9ation personnalis\u00e9e te permet :\u00a0 &#8211; d&#8217;avoir un nouveau regard sur toi &#8211; [&hellip;]","og_url":"https:\/\/www.linvitationducolibri.com\/index.php\/elementor-174\/","og_site_name":"L&#039;invitation du colibri","article_modified_time":"2024-10-11T13:22:01+00:00","og_image":[{"width":682,"height":735,"url":"https:\/\/www.linvitationducolibri.com\/wp-content\/uploads\/2024\/09\/IMG_8422.jpg","type":"image\/jpeg"}],"twitter_card":"summary_large_image","twitter_misc":{"Est. reading time":"2 minutes"},"schema":{"@context":"https:\/\/schema.org","@graph":[{"@type":"WebPage","@id":"https:\/\/www.linvitationducolibri.com\/index.php\/elementor-174\/","url":"https:\/\/www.linvitationducolibri.com\/index.php\/elementor-174\/","name":"Cr\u00e9ations personnalis\u00e9es - L&#039;invitation du colibri","isPartOf":{"@id":"http:\/\/www.linvitationducolibri.com\/#website"},"datePublished":"2024-09-27T14:08:09+00:00","dateModified":"2024-10-11T13:22:01+00:00","breadcrumb":{"@id":"https:\/\/www.linvitationducolibri.com\/index.php\/elementor-174\/#breadcrumb"},"inLanguage":"en-US","potentialAction":[{"@type":"ReadAction","target":["https:\/\/www.linvitationducolibri.com\/index.php\/elementor-174\/"]}]},{"@type":"BreadcrumbList","@id":"https:\/\/www.linvitationducolibri.com\/index.php\/elementor-174\/#breadcrumb","itemListElement":[{"@type":"ListItem","position":1,"name":"Home","item":"http:\/\/www.linvitationducolibri.com\/"},{"@type":"ListItem","position":2,"name":"Cr\u00e9ations personnalis\u00e9es"}]},{"@type":"WebSite","@id":"http:\/\/www.linvitationducolibri.com\/#website","url":"http:\/\/www.linvitationducolibri.com\/","name":"L&#039;invitation du colibri","description":"Virginie Sylvestre-Baron","potentialAction":[{"@type":"SearchAction","target":{"@type":"EntryPoint","urlTemplate":"http:\/\/www.linvitationducolibri.com\/?s={search_term_string}"},"query-input":"required name=search_term_string"}],"inLanguage":"en-US"}]}},"_links":{"self":[{"href":"https:\/\/www.linvitationducolibri.com\/index.php\/wp-json\/wp\/v2\/pages\/174","targetHints":{"allow":["GET"]}}],"collection":[{"href":"https:\/\/www.linvitationducolibri.com\/index.php\/wp-json\/wp\/v2\/pages"}],"about":[{"href":"https:\/\/www.linvitationducolibri.com\/index.php\/wp-json\/wp\/v2\/types\/page"}],"author":[{"embeddable":true,"href":"https:\/\/www.linvitationducolibri.com\/index.php\/wp-json\/wp\/v2\/users\/1"}],"replies":[{"embeddable":true,"href":"https:\/\/www.linvitationducolibri.com\/index.php\/wp-json\/wp\/v2\/comments?post=174"}],"version-history":[{"count":19,"href":"https:\/\/www.linvitationducolibri.com\/index.php\/wp-json\/wp\/v2\/pages\/174\/revisions"}],"predecessor-version":[{"id":273,"href":"https:\/\/www.linvitationducolibri.com\/index.php\/wp-json\/wp\/v2\/pages\/174\/revisions\/273"}],"wp:featuredmedia":[{"embeddable":true,"href":"https:\/\/www.linvitationducolibri.com\/index.php\/wp-json\/wp\/v2\/media\/184"}],"wp:attachment":[{"href":"https:\/\/www.linvitationducolibri.com\/index.php\/wp-json\/wp\/v2\/media?parent=174"}],"curies":[{"name":"wp","href":"https:\/\/api.w.org\/{rel}","templated":true}]}}