{"id":214,"date":"2024-10-11T14:21:18","date_gmt":"2024-10-11T12:21:18","guid":{"rendered":"https:\/\/www.linvitationducolibri.com\/?page_id=214"},"modified":"2025-02-19T14:29:09","modified_gmt":"2025-02-19T13:29:09","slug":"elementor-214","status":"publish","type":"page","link":"https:\/\/www.linvitationducolibri.com\/index.php\/elementor-214\/","title":{"rendered":"Carte identit\u00e9 vibratoire"},"content":{"rendered":"\t\t<div data-elementor-type=\"wp-page\" data-elementor-id=\"214\" class=\"elementor elementor-214\">\n\t\t\t\t\t\t\t<div class=\"elementor-element elementor-element-fbd7710 e-flex e-con-boxed e-con e-parent\" data-id=\"fbd7710\" data-element_type=\"container\" data-settings=\"{&quot;content_width&quot;:&quot;boxed&quot;}\" data-core-v316-plus=\"true\">\n\t\t\t\t\t<div class=\"e-con-inner\">\n\t\t\t\t<div class=\"elementor-element elementor-element-933095e elementor-widget elementor-widget-heading\" data-id=\"933095e\" data-element_type=\"widget\" data-widget_type=\"heading.default\">\n\t\t\t\t<div class=\"elementor-widget-container\">\n\t\t\t<style>\/*! elementor - v3.18.0 - 08-12-2023 *\/\n.elementor-heading-title{padding:0;margin:0;line-height:1}.elementor-widget-heading .elementor-heading-title[class*=elementor-size-]>a{color:inherit;font-size:inherit;line-height:inherit}.elementor-widget-heading .elementor-heading-title.elementor-size-small{font-size:15px}.elementor-widget-heading .elementor-heading-title.elementor-size-medium{font-size:19px}.elementor-widget-heading .elementor-heading-title.elementor-size-large{font-size:29px}.elementor-widget-heading .elementor-heading-title.elementor-size-xl{font-size:39px}.elementor-widget-heading .elementor-heading-title.elementor-size-xxl{font-size:59px}<\/style><h2 class=\"elementor-heading-title elementor-size-default\"><h2 class=\"elementor-heading-title elementor-size-default\" style=\"font-family: var( --e-global-typography-primary-font-family ), Sans-serif; letter-spacing: normal; font-weight: var( --e-global-typography-primary-font-weight ); white-space-collapse: collapse;\">Carte d'identit\u00e9 vibratoire&nbsp;<span style=\"color: rgb(51, 51, 51); font-family: -apple-system, system-ui, BlinkMacSystemFont, &quot;Segoe UI&quot;, Helvetica, Arial, sans-serif, &quot;Apple Color Emoji&quot;, &quot;Segoe UI Emoji&quot;, &quot;Segoe UI Symbol&quot;; font-size: 20px; font-weight: 400;\">\u00a9<\/span><\/h2><\/h2>\t\t<\/div>\n\t\t\t\t<\/div>\n\t\t\t\t<div class=\"elementor-element elementor-element-ce2ff41 elementor-widget elementor-widget-text-editor\" data-id=\"ce2ff41\" data-element_type=\"widget\" data-widget_type=\"text-editor.default\">\n\t\t\t\t<div class=\"elementor-widget-container\">\n\t\t\t<style>\/*! elementor - v3.18.0 - 08-12-2023 *\/\n.elementor-widget-text-editor.elementor-drop-cap-view-stacked .elementor-drop-cap{background-color:#69727d;color:#fff}.elementor-widget-text-editor.elementor-drop-cap-view-framed .elementor-drop-cap{color:#69727d;border:3px solid;background-color:transparent}.elementor-widget-text-editor:not(.elementor-drop-cap-view-default) .elementor-drop-cap{margin-top:8px}.elementor-widget-text-editor:not(.elementor-drop-cap-view-default) .elementor-drop-cap-letter{width:1em;height:1em}.elementor-widget-text-editor .elementor-drop-cap{float:left;text-align:center;line-height:1;font-size:50px}.elementor-widget-text-editor .elementor-drop-cap-letter{display:inline-block}<\/style>\t\t\t\t<p>\u00a0<span style=\"font-weight: 600; color: var( --e-global-color-text ); font-family: var( --e-global-typography-text-font-family ), Sans-serif; text-align: var(--text-align);\">V\u00e9ritable outil de travail quantique<\/span><span style=\"color: var( --e-global-color-text ); font-family: var( --e-global-typography-text-font-family ), Sans-serif; font-weight: var( --e-global-typography-text-font-weight ); text-align: var(--text-align);\">.\u00a0<\/span><\/p><p><span style=\"color: var( --e-global-color-text ); font-family: var( --e-global-typography-text-font-family ), Sans-serif; font-weight: var( --e-global-typography-text-font-weight ); text-align: var(--text-align);\">Sur une planche en bois d\u2019une dimension de 33x30cm, je pose ton essence, tes fr\u00e9quences, tes savoirs par le biais de la g\u00e9om\u00e9trie sacr\u00e9e.<\/span><\/p><p>La couleur de fond du tableau repr\u00e9sente ta ou tes<span style=\"font-weight: 600;\">\u00a0couleurs d\u2019\u00e2me<\/span>. Sur la base du cube de M\u00e9tatron, je dessine ou grave<u><span style=\"font-weight: 600;\">\u00a0TA g\u00e9om\u00e9trie sacr\u00e9e<\/span><\/u>. Elle sera unique car ta vibration est unique. Chaque symbole qui en ressort a une signification de ton incarnation. Elle peut \u00eatre accompagn\u00e9 d\u2019ornements (min\u00e9raux, fleurs, huiles essentielles, feuille de cuivre, argent ou or) le tout recouvert d\u2019une fine couche d\u2019epoxy. Ainsi, tu disposes d\u2019un \u00e9l\u00e9gant tableau te repr\u00e9sente mais \u00e9galement un\u00a0<span style=\"font-weight: 600;\">v\u00e9ritable outil de travail personnel<\/span>.\u00a0<\/p><p>Lors de la remise de ce tableau, tu auras un manuel d\u2019utilisation et une canalisation personnelle pour d\u00e9crypter tout ce que ta planche contient.\u00a0<\/p><p>La\u00a0<span style=\"font-weight: 600;\">carte d\u2019identit\u00e9 vibratoire<\/span>\u00a0<span style=\"color: #333333; font-family: -apple-system, system-ui, BlinkMacSystemFont, 'Segoe UI', Helvetica, Arial, sans-serif, 'Apple Color Emoji', 'Segoe UI Emoji', 'Segoe UI Symbol'; font-size: 20px; font-weight: var( --e-global-typography-text-font-weight ); text-align: var(--text-align);\">\u00a9<\/span><span style=\"color: var( --e-global-color-text ); font-family: var( --e-global-typography-text-font-family ), Sans-serif; font-weight: var( --e-global-typography-text-font-weight ); text-align: var(--text-align);\">\u00a0te permet :\u00a0<\/span><\/p><p>\u2013 d\u2019amplifier tes fr\u00e9quences\u00a0<\/p><p>\u2013 de renouer avec tes capacit\u00e9s (connections aux fleurs, savoirs ancestraux, capacit\u00e9s m\u00e9diumniques qui se d\u00e9veloppent)<\/p><p>\u2013 de mieux te conna\u00eetre<\/p><p>\u2013 d\u2019avoir un support pour m\u00e9diter plus profond\u00e9ment<\/p><p>\u2013 d\u2019avoir un support pour augmenter tes vibrations. Ce support n\u2019a pas besoin d\u2019\u00eatre nettoy\u00e9 ou r\u00e9-\u00e9nergis\u00e9.\u00a0<\/p><p>\u00a0<\/p><p><i><span style=\"font-weight: 600;\">La totalit\u00e9 de la cr\u00e9ation est prot\u00e9g\u00e9e par l\u2019INPI.\u00a0<\/span><\/i><\/p><p><i><span style=\"font-weight: 600;\">\u00a0<\/span><\/i><\/p><p><i><span style=\"font-weight: 600;\">Comment avoir ta carte d&#8217;identit\u00e9 vibratoire ?\u00a0<\/span><\/i><\/p><p><span style=\"color: var( --e-global-color-text ); font-family: var( --e-global-typography-text-font-family ), Sans-serif; font-weight: var( --e-global-typography-text-font-weight ); text-align: var(--text-align);\">Nous nous fixons un \u00e9change au t\u00e9l\u00e9phone ou en visio selon ton choix, je me connecte \u00e0 tes \u00e9nergies et \u00e0 tes questionnements. Je prends le temps d&#8217;y r\u00e9pondre et de t&#8217;expliquer toutes les modalit\u00e9s et hop c&#8217;est parti pour cr\u00e9er ta carte d&#8217;identit\u00e9 vibratoire.\u00a0<\/span><\/p>\t\t\t\t\t\t<\/div>\n\t\t\t\t<\/div>\n\t\t\t\t\t<\/div>\n\t\t\t\t<\/div>\n\t\t<div class=\"elementor-element elementor-element-7961b71 e-flex e-con-boxed e-con e-parent\" data-id=\"7961b71\" data-element_type=\"container\" data-settings=\"{&quot;content_width&quot;:&quot;boxed&quot;}\" data-core-v316-plus=\"true\">\n\t\t\t\t\t<div class=\"e-con-inner\">\n\t\t<div class=\"elementor-element elementor-element-05e1902 e-con-full e-flex e-con e-child\" data-id=\"05e1902\" data-element_type=\"container\" data-settings=\"{&quot;content_width&quot;:&quot;full&quot;}\">\n\t\t\t\t<div class=\"elementor-element elementor-element-dbde0fa elementor-widget elementor-widget-image\" data-id=\"dbde0fa\" data-element_type=\"widget\" data-widget_type=\"image.default\">\n\t\t\t\t<div class=\"elementor-widget-container\">\n\t\t\t<style>\/*! elementor - v3.18.0 - 08-12-2023 *\/\n.elementor-widget-image{text-align:center}.elementor-widget-image a{display:inline-block}.elementor-widget-image a img[src$=\".svg\"]{width:48px}.elementor-widget-image img{vertical-align:middle;display:inline-block}<\/style>\t\t\t\t\t\t\t\t\t\t\t\t<img fetchpriority=\"high\" decoding=\"async\" width=\"737\" height=\"616\" src=\"https:\/\/www.linvitationducolibri.com\/wp-content\/uploads\/2024\/09\/IMG_9077.jpg\" class=\"attachment-large size-large wp-image-166\" alt=\"coeur de Marie sur fond vert\" srcset=\"https:\/\/www.linvitationducolibri.com\/wp-content\/uploads\/2024\/09\/IMG_9077.jpg 737w, https:\/\/www.linvitationducolibri.com\/wp-content\/uploads\/2024\/09\/IMG_9077-300x251.jpg 300w\" sizes=\"(max-width: 737px) 100vw, 737px\" \/>\t\t\t\t\t\t\t\t\t\t\t\t\t\t\t<\/div>\n\t\t\t\t<\/div>\n\t\t\t\t<div class=\"elementor-element elementor-element-eee394a elementor-widget elementor-widget-heading\" data-id=\"eee394a\" data-element_type=\"widget\" data-widget_type=\"heading.default\">\n\t\t\t\t<div class=\"elementor-widget-container\">\n\t\t\t<h2 class=\"elementor-heading-title elementor-size-large\">\"Coeur de Marie\"<\/h2>\t\t<\/div>\n\t\t\t\t<\/div>\n\t\t\t\t<\/div>\n\t\t<div class=\"elementor-element elementor-element-da30d14 e-con-full e-flex e-con e-child\" data-id=\"da30d14\" data-element_type=\"container\" data-settings=\"{&quot;content_width&quot;:&quot;full&quot;}\">\n\t\t\t\t<div class=\"elementor-element elementor-element-5aa351a elementor-widget elementor-widget-image\" data-id=\"5aa351a\" data-element_type=\"widget\" data-widget_type=\"image.default\">\n\t\t\t\t<div class=\"elementor-widget-container\">\n\t\t\t\t\t\t\t\t\t\t\t\t\t\t\t<img decoding=\"async\" width=\"750\" height=\"852\" src=\"https:\/\/www.linvitationducolibri.com\/wp-content\/uploads\/2024\/09\/IMG_9076.jpg\" class=\"attachment-large size-large wp-image-167\" alt=\"Pr\u00eatresse des \u00e9toiles\" srcset=\"https:\/\/www.linvitationducolibri.com\/wp-content\/uploads\/2024\/09\/IMG_9076.jpg 750w, https:\/\/www.linvitationducolibri.com\/wp-content\/uploads\/2024\/09\/IMG_9076-264x300.jpg 264w\" sizes=\"(max-width: 750px) 100vw, 750px\" \/>\t\t\t\t\t\t\t\t\t\t\t\t\t\t\t<\/div>\n\t\t\t\t<\/div>\n\t\t\t\t<div class=\"elementor-element elementor-element-03626ea elementor-widget elementor-widget-heading\" data-id=\"03626ea\" data-element_type=\"widget\" data-widget_type=\"heading.default\">\n\t\t\t\t<div class=\"elementor-widget-container\">\n\t\t\t<h1 class=\"elementor-heading-title elementor-size-large\">\"Pr\u00eatresse des \u00e9toiles\"<\/h1>\t\t<\/div>\n\t\t\t\t<\/div>\n\t\t\t\t<\/div>\n\t\t\t\t\t<\/div>\n\t\t\t\t<\/div>\n\t\t<div class=\"elementor-element elementor-element-7d65c41 e-flex e-con-boxed e-con e-parent\" data-id=\"7d65c41\" data-element_type=\"container\" data-settings=\"{&quot;content_width&quot;:&quot;boxed&quot;}\" data-core-v316-plus=\"true\">\n\t\t\t\t\t<div class=\"e-con-inner\">\n\t\t\t\t<div class=\"elementor-element elementor-element-71440f6 elementor-align-center elementor-widget elementor-widget-button\" data-id=\"71440f6\" data-element_type=\"widget\" data-widget_type=\"button.default\">\n\t\t\t\t<div class=\"elementor-widget-container\">\n\t\t\t\t\t<div class=\"elementor-button-wrapper\">\n\t\t\t<a class=\"elementor-button elementor-button-link elementor-size-sm\" href=\"#\">\n\t\t\t\t\t\t<span class=\"elementor-button-content-wrapper\">\n\t\t\t\t\t\t<span class=\"elementor-button-text\">360 euros - R\u00e8glement possible en 4 fois<\/span>\n\t\t<\/span>\n\t\t\t\t\t<\/a>\n\t\t<\/div>\n\t\t\t\t<\/div>\n\t\t\t\t<\/div>\n\t\t\t\t<div class=\"elementor-element elementor-element-a4c9b35 elementor-widget elementor-widget-heading\" data-id=\"a4c9b35\" data-element_type=\"widget\" data-widget_type=\"heading.default\">\n\t\t\t\t<div class=\"elementor-widget-container\">\n\t\t\t<h2 class=\"elementor-heading-title elementor-size-default\">Si tu souhaites acqu\u00e9rir ta carte d'identit\u00e9 vibratoire\n<br>tout se passe par SMS ou par mail.\n<br>07 78 18 46 94\n<br>vsb56.pro@gmail.com<\/h2>\t\t<\/div>\n\t\t\t\t<\/div>\n\t\t\t\t\t<\/div>\n\t\t\t\t<\/div>\n\t\t\t\t\t\t\t<\/div>\n\t\t","protected":false},"excerpt":{"rendered":"<p>Carte d&#8217;identit\u00e9 vibratoire&nbsp;\u00a9 \u00a0V\u00e9ritable outil de travail quantique.\u00a0 Sur une planche en bois d\u2019une dimension de 33x30cm, je pose ton essence, tes fr\u00e9quences, tes savoirs par le biais de la g\u00e9om\u00e9trie sacr\u00e9e. La couleur de fond du tableau repr\u00e9sente ta ou tes\u00a0couleurs d\u2019\u00e2me. Sur la base du cube de M\u00e9tatron, je dessine ou grave\u00a0TA g\u00e9om\u00e9trie [&hellip;]<\/p>\n","protected":false},"author":1,"featured_media":167,"parent":0,"menu_order":0,"comment_status":"closed","ping_status":"closed","template":"","meta":{"footnotes":""},"class_list":["post-214","page","type-page","status-publish","has-post-thumbnail","hentry"],"yoast_head":"<!-- This site is optimized with the Yoast SEO plugin v21.6 - https:\/\/yoast.com\/wordpress\/plugins\/seo\/ -->\n<title>Carte identit\u00e9 vibratoire - L&#039;invitation du colibri<\/title>\n<meta name=\"robots\" content=\"index, follow, max-snippet:-1, max-image-preview:large, max-video-preview:-1\" \/>\n<link rel=\"canonical\" href=\"http:\/\/www.linvitationducolibri.com\/index.php\/elementor-214\/\" \/>\n<meta property=\"og:locale\" content=\"en_US\" \/>\n<meta property=\"og:type\" content=\"article\" \/>\n<meta property=\"og:title\" content=\"Carte identit\u00e9 vibratoire - L&#039;invitation du colibri\" \/>\n<meta property=\"og:description\" content=\"Carte d&#8217;identit\u00e9 vibratoire&nbsp;\u00a9 \u00a0V\u00e9ritable outil de travail quantique.\u00a0 Sur une planche en bois d\u2019une dimension de 33x30cm, je pose ton essence, tes fr\u00e9quences, tes savoirs par le biais de la g\u00e9om\u00e9trie sacr\u00e9e. La couleur de fond du tableau repr\u00e9sente ta ou tes\u00a0couleurs d\u2019\u00e2me. Sur la base du cube de M\u00e9tatron, je dessine ou grave\u00a0TA g\u00e9om\u00e9trie [&hellip;]\" \/>\n<meta property=\"og:url\" content=\"http:\/\/www.linvitationducolibri.com\/index.php\/elementor-214\/\" \/>\n<meta property=\"og:site_name\" content=\"L&#039;invitation du colibri\" \/>\n<meta property=\"article:modified_time\" content=\"2025-02-19T13:29:09+00:00\" \/>\n<meta property=\"og:image\" content=\"http:\/\/www.linvitationducolibri.com\/wp-content\/uploads\/2024\/09\/IMG_9076.jpg\" \/>\n\t<meta property=\"og:image:width\" content=\"750\" \/>\n\t<meta property=\"og:image:height\" content=\"852\" \/>\n\t<meta property=\"og:image:type\" content=\"image\/jpeg\" \/>\n<meta name=\"twitter:card\" content=\"summary_large_image\" \/>\n<meta name=\"twitter:label1\" content=\"Est. reading time\" \/>\n\t<meta name=\"twitter:data1\" content=\"2 minutes\" \/>\n<script type=\"application\/ld+json\" class=\"yoast-schema-graph\">{\"@context\":\"https:\/\/schema.org\",\"@graph\":[{\"@type\":\"WebPage\",\"@id\":\"http:\/\/www.linvitationducolibri.com\/index.php\/elementor-214\/\",\"url\":\"http:\/\/www.linvitationducolibri.com\/index.php\/elementor-214\/\",\"name\":\"Carte identit\u00e9 vibratoire - L&#039;invitation du colibri\",\"isPartOf\":{\"@id\":\"http:\/\/www.linvitationducolibri.com\/#website\"},\"datePublished\":\"2024-10-11T12:21:18+00:00\",\"dateModified\":\"2025-02-19T13:29:09+00:00\",\"breadcrumb\":{\"@id\":\"http:\/\/www.linvitationducolibri.com\/index.php\/elementor-214\/#breadcrumb\"},\"inLanguage\":\"en-US\",\"potentialAction\":[{\"@type\":\"ReadAction\",\"target\":[\"http:\/\/www.linvitationducolibri.com\/index.php\/elementor-214\/\"]}]},{\"@type\":\"BreadcrumbList\",\"@id\":\"http:\/\/www.linvitationducolibri.com\/index.php\/elementor-214\/#breadcrumb\",\"itemListElement\":[{\"@type\":\"ListItem\",\"position\":1,\"name\":\"Home\",\"item\":\"http:\/\/www.linvitationducolibri.com\/\"},{\"@type\":\"ListItem\",\"position\":2,\"name\":\"Carte identit\u00e9 vibratoire\"}]},{\"@type\":\"WebSite\",\"@id\":\"http:\/\/www.linvitationducolibri.com\/#website\",\"url\":\"http:\/\/www.linvitationducolibri.com\/\",\"name\":\"L&#039;invitation du colibri\",\"description\":\"Virginie Sylvestre-Baron\",\"potentialAction\":[{\"@type\":\"SearchAction\",\"target\":{\"@type\":\"EntryPoint\",\"urlTemplate\":\"http:\/\/www.linvitationducolibri.com\/?s={search_term_string}\"},\"query-input\":\"required name=search_term_string\"}],\"inLanguage\":\"en-US\"}]}<\/script>\n<!-- \/ Yoast SEO plugin. -->","yoast_head_json":{"title":"Carte identit\u00e9 vibratoire - L&#039;invitation du colibri","robots":{"index":"index","follow":"follow","max-snippet":"max-snippet:-1","max-image-preview":"max-image-preview:large","max-video-preview":"max-video-preview:-1"},"canonical":"http:\/\/www.linvitationducolibri.com\/index.php\/elementor-214\/","og_locale":"en_US","og_type":"article","og_title":"Carte identit\u00e9 vibratoire - L&#039;invitation du colibri","og_description":"Carte d&#8217;identit\u00e9 vibratoire&nbsp;\u00a9 \u00a0V\u00e9ritable outil de travail quantique.\u00a0 Sur une planche en bois d\u2019une dimension de 33x30cm, je pose ton essence, tes fr\u00e9quences, tes savoirs par le biais de la g\u00e9om\u00e9trie sacr\u00e9e. La couleur de fond du tableau repr\u00e9sente ta ou tes\u00a0couleurs d\u2019\u00e2me. Sur la base du cube de M\u00e9tatron, je dessine ou grave\u00a0TA g\u00e9om\u00e9trie [&hellip;]","og_url":"http:\/\/www.linvitationducolibri.com\/index.php\/elementor-214\/","og_site_name":"L&#039;invitation du colibri","article_modified_time":"2025-02-19T13:29:09+00:00","og_image":[{"width":750,"height":852,"url":"http:\/\/www.linvitationducolibri.com\/wp-content\/uploads\/2024\/09\/IMG_9076.jpg","type":"image\/jpeg"}],"twitter_card":"summary_large_image","twitter_misc":{"Est. reading time":"2 minutes"},"schema":{"@context":"https:\/\/schema.org","@graph":[{"@type":"WebPage","@id":"http:\/\/www.linvitationducolibri.com\/index.php\/elementor-214\/","url":"http:\/\/www.linvitationducolibri.com\/index.php\/elementor-214\/","name":"Carte identit\u00e9 vibratoire - L&#039;invitation du colibri","isPartOf":{"@id":"http:\/\/www.linvitationducolibri.com\/#website"},"datePublished":"2024-10-11T12:21:18+00:00","dateModified":"2025-02-19T13:29:09+00:00","breadcrumb":{"@id":"http:\/\/www.linvitationducolibri.com\/index.php\/elementor-214\/#breadcrumb"},"inLanguage":"en-US","potentialAction":[{"@type":"ReadAction","target":["http:\/\/www.linvitationducolibri.com\/index.php\/elementor-214\/"]}]},{"@type":"BreadcrumbList","@id":"http:\/\/www.linvitationducolibri.com\/index.php\/elementor-214\/#breadcrumb","itemListElement":[{"@type":"ListItem","position":1,"name":"Home","item":"http:\/\/www.linvitationducolibri.com\/"},{"@type":"ListItem","position":2,"name":"Carte identit\u00e9 vibratoire"}]},{"@type":"WebSite","@id":"http:\/\/www.linvitationducolibri.com\/#website","url":"http:\/\/www.linvitationducolibri.com\/","name":"L&#039;invitation du colibri","description":"Virginie Sylvestre-Baron","potentialAction":[{"@type":"SearchAction","target":{"@type":"EntryPoint","urlTemplate":"http:\/\/www.linvitationducolibri.com\/?s={search_term_string}"},"query-input":"required name=search_term_string"}],"inLanguage":"en-US"}]}},"_links":{"self":[{"href":"https:\/\/www.linvitationducolibri.com\/index.php\/wp-json\/wp\/v2\/pages\/214","targetHints":{"allow":["GET"]}}],"collection":[{"href":"https:\/\/www.linvitationducolibri.com\/index.php\/wp-json\/wp\/v2\/pages"}],"about":[{"href":"https:\/\/www.linvitationducolibri.com\/index.php\/wp-json\/wp\/v2\/types\/page"}],"author":[{"embeddable":true,"href":"https:\/\/www.linvitationducolibri.com\/index.php\/wp-json\/wp\/v2\/users\/1"}],"replies":[{"embeddable":true,"href":"https:\/\/www.linvitationducolibri.com\/index.php\/wp-json\/wp\/v2\/comments?post=214"}],"version-history":[{"count":34,"href":"https:\/\/www.linvitationducolibri.com\/index.php\/wp-json\/wp\/v2\/pages\/214\/revisions"}],"predecessor-version":[{"id":405,"href":"https:\/\/www.linvitationducolibri.com\/index.php\/wp-json\/wp\/v2\/pages\/214\/revisions\/405"}],"wp:featuredmedia":[{"embeddable":true,"href":"https:\/\/www.linvitationducolibri.com\/index.php\/wp-json\/wp\/v2\/media\/167"}],"wp:attachment":[{"href":"https:\/\/www.linvitationducolibri.com\/index.php\/wp-json\/wp\/v2\/media?parent=214"}],"curies":[{"name":"wp","href":"https:\/\/api.w.org\/{rel}","templated":true}]}}