{"id":48,"date":"2023-12-12T10:55:20","date_gmt":"2023-12-12T09:55:20","guid":{"rendered":"http:\/\/www.linvitationducolibri.com\/?page_id=48"},"modified":"2024-10-11T15:26:39","modified_gmt":"2024-10-11T13:26:39","slug":"elementor-48","status":"publish","type":"page","link":"https:\/\/www.linvitationducolibri.com\/index.php\/elementor-48\/","title":{"rendered":"Cr\u00e9ations"},"content":{"rendered":"\t\t<div data-elementor-type=\"wp-page\" data-elementor-id=\"48\" class=\"elementor elementor-48\">\n\t\t\t\t\t\t\t<div class=\"elementor-element elementor-element-7cf2724 e-flex e-con-boxed e-con e-parent\" data-id=\"7cf2724\" data-element_type=\"container\" data-settings=\"{&quot;content_width&quot;:&quot;boxed&quot;}\" data-core-v316-plus=\"true\">\n\t\t\t\t\t<div class=\"e-con-inner\">\n\t\t<div class=\"elementor-element elementor-element-71a2b47 e-con-full e-flex e-con e-child\" data-id=\"71a2b47\" data-element_type=\"container\" data-settings=\"{&quot;content_width&quot;:&quot;full&quot;}\">\n\t\t\t\t<div class=\"elementor-element elementor-element-98fe605 elementor-widget elementor-widget-image\" data-id=\"98fe605\" data-element_type=\"widget\" data-widget_type=\"image.default\">\n\t\t\t\t<div class=\"elementor-widget-container\">\n\t\t\t<style>\/*! elementor - v3.18.0 - 08-12-2023 *\/\n.elementor-widget-image{text-align:center}.elementor-widget-image a{display:inline-block}.elementor-widget-image a img[src$=\".svg\"]{width:48px}.elementor-widget-image img{vertical-align:middle;display:inline-block}<\/style>\t\t\t\t\t\t\t\t\t\t\t\t<img fetchpriority=\"high\" decoding=\"async\" width=\"737\" height=\"616\" src=\"https:\/\/www.linvitationducolibri.com\/wp-content\/uploads\/2024\/09\/IMG_9077.jpg\" class=\"attachment-large size-large wp-image-166\" alt=\"coeur de Marie sur fond vert\" srcset=\"https:\/\/www.linvitationducolibri.com\/wp-content\/uploads\/2024\/09\/IMG_9077.jpg 737w, https:\/\/www.linvitationducolibri.com\/wp-content\/uploads\/2024\/09\/IMG_9077-300x251.jpg 300w\" sizes=\"(max-width: 737px) 100vw, 737px\" \/>\t\t\t\t\t\t\t\t\t\t\t\t\t\t\t<\/div>\n\t\t\t\t<\/div>\n\t\t\t\t<\/div>\n\t\t<div class=\"elementor-element elementor-element-f3bfa1f e-con-full e-flex e-con e-child\" data-id=\"f3bfa1f\" data-element_type=\"container\" data-settings=\"{&quot;content_width&quot;:&quot;full&quot;}\">\n\t\t\t\t<div class=\"elementor-element elementor-element-9c88baa elementor-widget elementor-widget-heading\" data-id=\"9c88baa\" data-element_type=\"widget\" data-widget_type=\"heading.default\">\n\t\t\t\t<div class=\"elementor-widget-container\">\n\t\t\t<style>\/*! elementor - v3.18.0 - 08-12-2023 *\/\n.elementor-heading-title{padding:0;margin:0;line-height:1}.elementor-widget-heading .elementor-heading-title[class*=elementor-size-]>a{color:inherit;font-size:inherit;line-height:inherit}.elementor-widget-heading .elementor-heading-title.elementor-size-small{font-size:15px}.elementor-widget-heading .elementor-heading-title.elementor-size-medium{font-size:19px}.elementor-widget-heading .elementor-heading-title.elementor-size-large{font-size:29px}.elementor-widget-heading .elementor-heading-title.elementor-size-xl{font-size:39px}.elementor-widget-heading .elementor-heading-title.elementor-size-xxl{font-size:59px}<\/style><h2 class=\"elementor-heading-title elementor-size-default\">Et si tu avais ta propre <br>carte d'identit\u00e9 vibratoire ?<br> <br>Carte de ton essence regroupant toutes tes connaissances et tes potentiels. <\/h2>\t\t<\/div>\n\t\t\t\t<\/div>\n\t\t\t\t<div class=\"elementor-element elementor-element-22ae807 elementor-align-center elementor-widget elementor-widget-button\" data-id=\"22ae807\" data-element_type=\"widget\" data-widget_type=\"button.default\">\n\t\t\t\t<div class=\"elementor-widget-container\">\n\t\t\t\t\t<div class=\"elementor-button-wrapper\">\n\t\t\t<a class=\"elementor-button elementor-button-link elementor-size-sm\" href=\"https:\/\/www.linvitationducolibri.com\/index.php\/elementor-214\/\">\n\t\t\t\t\t\t<span class=\"elementor-button-content-wrapper\">\n\t\t\t\t\t\t<span class=\"elementor-button-text\">Je d\u00e9couvre la carte d'identit\u00e9 vibratoire<\/span>\n\t\t<\/span>\n\t\t\t\t\t<\/a>\n\t\t<\/div>\n\t\t\t\t<\/div>\n\t\t\t\t<\/div>\n\t\t\t\t<\/div>\n\t\t\t\t\t<\/div>\n\t\t\t\t<\/div>\n\t\t<div class=\"elementor-element elementor-element-9f84fab e-flex e-con-boxed e-con e-parent\" data-id=\"9f84fab\" data-element_type=\"container\" data-settings=\"{&quot;content_width&quot;:&quot;boxed&quot;}\" data-core-v316-plus=\"true\">\n\t\t\t\t\t<div class=\"e-con-inner\">\n\t\t<div class=\"elementor-element elementor-element-36b44f8 e-con-full e-flex e-con e-child\" data-id=\"36b44f8\" data-element_type=\"container\" data-settings=\"{&quot;content_width&quot;:&quot;full&quot;}\">\n\t\t\t\t<div class=\"elementor-element elementor-element-0032bca elementor-widget elementor-widget-heading\" data-id=\"0032bca\" data-element_type=\"widget\" data-widget_type=\"heading.default\">\n\t\t\t\t<div class=\"elementor-widget-container\">\n\t\t\t<h2 class=\"elementor-heading-title elementor-size-default\">Ton oeuvre personnelle, miroir de ton \u00e2me.<br><br>\"J'ose m'offrir ce cadeau\"<\/h2>\t\t<\/div>\n\t\t\t\t<\/div>\n\t\t\t\t<div class=\"elementor-element elementor-element-564e00a elementor-align-center elementor-widget elementor-widget-button\" data-id=\"564e00a\" data-element_type=\"widget\" data-widget_type=\"button.default\">\n\t\t\t\t<div class=\"elementor-widget-container\">\n\t\t\t\t\t<div class=\"elementor-button-wrapper\">\n\t\t\t<a class=\"elementor-button elementor-button-link elementor-size-sm\" href=\"https:\/\/www.linvitationducolibri.com\/index.php\/elementor-174\/\">\n\t\t\t\t\t\t<span class=\"elementor-button-content-wrapper\">\n\t\t\t\t\t\t<span class=\"elementor-button-text\">Je d\u00e9couvre les cr\u00e9ations personnalis\u00e9es<\/span>\n\t\t<\/span>\n\t\t\t\t\t<\/a>\n\t\t<\/div>\n\t\t\t\t<\/div>\n\t\t\t\t<\/div>\n\t\t\t\t<\/div>\n\t\t<div class=\"elementor-element elementor-element-6fd8283 e-con-full e-flex e-con e-child\" data-id=\"6fd8283\" data-element_type=\"container\" data-settings=\"{&quot;content_width&quot;:&quot;full&quot;}\">\n\t\t\t\t<div class=\"elementor-element elementor-element-a8c341e elementor-widget elementor-widget-image\" data-id=\"a8c341e\" data-element_type=\"widget\" data-widget_type=\"image.default\">\n\t\t\t\t<div class=\"elementor-widget-container\">\n\t\t\t\t\t\t\t\t\t\t\t\t\t\t\t<img decoding=\"async\" width=\"1024\" height=\"797\" src=\"https:\/\/www.linvitationducolibri.com\/wp-content\/uploads\/2024\/09\/IMG_0455-1024x797.jpg\" class=\"attachment-large size-large wp-image-182\" alt=\"La Novatrice\" srcset=\"https:\/\/www.linvitationducolibri.com\/wp-content\/uploads\/2024\/09\/IMG_0455-1024x797.jpg 1024w, https:\/\/www.linvitationducolibri.com\/wp-content\/uploads\/2024\/09\/IMG_0455-300x234.jpg 300w, https:\/\/www.linvitationducolibri.com\/wp-content\/uploads\/2024\/09\/IMG_0455-768x598.jpg 768w, https:\/\/www.linvitationducolibri.com\/wp-content\/uploads\/2024\/09\/IMG_0455-1536x1196.jpg 1536w, https:\/\/www.linvitationducolibri.com\/wp-content\/uploads\/2024\/09\/IMG_0455-2048x1594.jpg 2048w\" sizes=\"(max-width: 1024px) 100vw, 1024px\" \/>\t\t\t\t\t\t\t\t\t\t\t\t\t\t\t<\/div>\n\t\t\t\t<\/div>\n\t\t\t\t<\/div>\n\t\t\t\t\t<\/div>\n\t\t\t\t<\/div>\n\t\t<div class=\"elementor-element elementor-element-db6087c e-flex e-con-boxed e-con e-parent\" data-id=\"db6087c\" data-element_type=\"container\" data-settings=\"{&quot;content_width&quot;:&quot;boxed&quot;}\" data-core-v316-plus=\"true\">\n\t\t\t\t\t<div class=\"e-con-inner\">\n\t\t<div class=\"elementor-element elementor-element-e7738e7 e-con-full e-flex e-con e-child\" data-id=\"e7738e7\" data-element_type=\"container\" data-settings=\"{&quot;content_width&quot;:&quot;full&quot;}\">\n\t\t\t\t<div class=\"elementor-element elementor-element-d605c4d elementor-widget elementor-widget-image\" data-id=\"d605c4d\" data-element_type=\"widget\" data-widget_type=\"image.default\">\n\t\t\t\t<div class=\"elementor-widget-container\">\n\t\t\t\t\t\t\t\t\t\t\t\t\t\t\t<img decoding=\"async\" width=\"768\" height=\"1024\" src=\"https:\/\/www.linvitationducolibri.com\/wp-content\/uploads\/2024\/10\/peinture-virginie-768x1024.jpg\" class=\"attachment-large size-large wp-image-254\" alt=\"danse avec son ombre\" srcset=\"https:\/\/www.linvitationducolibri.com\/wp-content\/uploads\/2024\/10\/peinture-virginie-768x1024.jpg 768w, https:\/\/www.linvitationducolibri.com\/wp-content\/uploads\/2024\/10\/peinture-virginie-225x300.jpg 225w, https:\/\/www.linvitationducolibri.com\/wp-content\/uploads\/2024\/10\/peinture-virginie-1152x1536.jpg 1152w, https:\/\/www.linvitationducolibri.com\/wp-content\/uploads\/2024\/10\/peinture-virginie-1536x2048.jpg 1536w, https:\/\/www.linvitationducolibri.com\/wp-content\/uploads\/2024\/10\/peinture-virginie-scaled.jpg 1920w\" sizes=\"(max-width: 768px) 100vw, 768px\" \/>\t\t\t\t\t\t\t\t\t\t\t\t\t\t\t<\/div>\n\t\t\t\t<\/div>\n\t\t\t\t<\/div>\n\t\t<div class=\"elementor-element elementor-element-e97337a e-con-full e-flex e-con e-child\" data-id=\"e97337a\" data-element_type=\"container\" data-settings=\"{&quot;content_width&quot;:&quot;full&quot;}\">\n\t\t\t\t<div class=\"elementor-element elementor-element-1efb39b elementor-widget elementor-widget-heading\" data-id=\"1efb39b\" data-element_type=\"widget\" data-widget_type=\"heading.default\">\n\t\t\t\t<div class=\"elementor-widget-container\">\n\t\t\t<h2 class=\"elementor-heading-title elementor-size-default\">Une toile se pose avec le langage sacr\u00e9 pour activer les \u00e9nergies inscrites.<br><br>D\u00e9couvre la toile qui t'appelle. <\/h2>\t\t<\/div>\n\t\t\t\t<\/div>\n\t\t\t\t<div class=\"elementor-element elementor-element-16f03cf elementor-align-center elementor-widget elementor-widget-button\" data-id=\"16f03cf\" data-element_type=\"widget\" data-widget_type=\"button.default\">\n\t\t\t\t<div class=\"elementor-widget-container\">\n\t\t\t\t\t<div class=\"elementor-button-wrapper\">\n\t\t\t<a class=\"elementor-button elementor-button-link elementor-size-sm\" href=\"https:\/\/www.linvitationducolibri.com\/index.php\/elementor-277\/\">\n\t\t\t\t\t\t<span class=\"elementor-button-content-wrapper\">\n\t\t\t\t\t\t<span class=\"elementor-button-text\">Je d\u00e9couvre les cr\u00e9ations canalis\u00e9es<\/span>\n\t\t<\/span>\n\t\t\t\t\t<\/a>\n\t\t<\/div>\n\t\t\t\t<\/div>\n\t\t\t\t<\/div>\n\t\t\t\t<\/div>\n\t\t\t\t\t<\/div>\n\t\t\t\t<\/div>\n\t\t<div class=\"elementor-element elementor-element-8795037 e-flex e-con-boxed e-con e-parent\" data-id=\"8795037\" data-element_type=\"container\" data-settings=\"{&quot;content_width&quot;:&quot;boxed&quot;}\" data-core-v316-plus=\"true\">\n\t\t\t\t\t<div class=\"e-con-inner\">\n\t\t\t\t<div class=\"elementor-element elementor-element-78e287f elementor-widget elementor-widget-heading\" data-id=\"78e287f\" data-element_type=\"widget\" data-widget_type=\"heading.default\">\n\t\t\t\t<div class=\"elementor-widget-container\">\n\t\t\t<h2 class=\"elementor-heading-title elementor-size-default\">Si tu souhaites acqu\u00e9rir ta toile,<br>\ntout se passe par SMS ou par mail.<br>\n07 78 18 46 94<br>\nvsb56.pro@gmail.com<\/h2>\t\t<\/div>\n\t\t\t\t<\/div>\n\t\t\t\t\t<\/div>\n\t\t\t\t<\/div>\n\t\t\t\t\t\t\t<\/div>\n\t\t","protected":false},"excerpt":{"rendered":"<p>Et si tu avais ta propre carte d&#8217;identit\u00e9 vibratoire ? Carte de ton essence regroupant toutes tes connaissances et tes potentiels. Je d\u00e9couvre la carte d&#8217;identit\u00e9 vibratoire Ton oeuvre personnelle, miroir de ton \u00e2me. &#8220;J&#8217;ose m&#8217;offrir ce cadeau&#8221; Je d\u00e9couvre les cr\u00e9ations personnalis\u00e9es Une toile se pose avec le langage sacr\u00e9 pour activer les \u00e9nergies [&hellip;]<\/p>\n","protected":false},"author":1,"featured_media":185,"parent":0,"menu_order":0,"comment_status":"closed","ping_status":"closed","template":"","meta":{"footnotes":""},"class_list":["post-48","page","type-page","status-publish","has-post-thumbnail","hentry"],"yoast_head":"<!-- This site is optimized with the Yoast SEO plugin v21.6 - https:\/\/yoast.com\/wordpress\/plugins\/seo\/ -->\n<title>Cr\u00e9ations - L&#039;invitation du colibri<\/title>\n<meta name=\"robots\" content=\"index, follow, max-snippet:-1, max-image-preview:large, max-video-preview:-1\" \/>\n<link rel=\"canonical\" href=\"https:\/\/www.linvitationducolibri.com\/index.php\/elementor-48\/\" \/>\n<meta property=\"og:locale\" content=\"en_US\" \/>\n<meta property=\"og:type\" content=\"article\" \/>\n<meta property=\"og:title\" content=\"Cr\u00e9ations - L&#039;invitation du colibri\" \/>\n<meta property=\"og:description\" content=\"Et si tu avais ta propre carte d&#8217;identit\u00e9 vibratoire ? Carte de ton essence regroupant toutes tes connaissances et tes potentiels. Je d\u00e9couvre la carte d&#8217;identit\u00e9 vibratoire Ton oeuvre personnelle, miroir de ton \u00e2me. &#8220;J&#8217;ose m&#8217;offrir ce cadeau&#8221; Je d\u00e9couvre les cr\u00e9ations personnalis\u00e9es Une toile se pose avec le langage sacr\u00e9 pour activer les \u00e9nergies [&hellip;]\" \/>\n<meta property=\"og:url\" content=\"https:\/\/www.linvitationducolibri.com\/index.php\/elementor-48\/\" \/>\n<meta property=\"og:site_name\" content=\"L&#039;invitation du colibri\" \/>\n<meta property=\"article:modified_time\" content=\"2024-10-11T13:26:39+00:00\" \/>\n<meta property=\"og:image\" content=\"https:\/\/www.linvitationducolibri.com\/wp-content\/uploads\/2024\/09\/IMG_9066-scaled.jpg\" \/>\n\t<meta property=\"og:image:width\" content=\"1751\" \/>\n\t<meta property=\"og:image:height\" content=\"2560\" \/>\n\t<meta property=\"og:image:type\" content=\"image\/jpeg\" \/>\n<meta name=\"twitter:card\" content=\"summary_large_image\" \/>\n<meta name=\"twitter:label1\" content=\"Est. reading time\" \/>\n\t<meta name=\"twitter:data1\" content=\"1 minute\" \/>\n<script type=\"application\/ld+json\" class=\"yoast-schema-graph\">{\"@context\":\"https:\/\/schema.org\",\"@graph\":[{\"@type\":\"WebPage\",\"@id\":\"https:\/\/www.linvitationducolibri.com\/index.php\/elementor-48\/\",\"url\":\"https:\/\/www.linvitationducolibri.com\/index.php\/elementor-48\/\",\"name\":\"Cr\u00e9ations - L&#039;invitation du colibri\",\"isPartOf\":{\"@id\":\"http:\/\/www.linvitationducolibri.com\/#website\"},\"datePublished\":\"2023-12-12T09:55:20+00:00\",\"dateModified\":\"2024-10-11T13:26:39+00:00\",\"breadcrumb\":{\"@id\":\"https:\/\/www.linvitationducolibri.com\/index.php\/elementor-48\/#breadcrumb\"},\"inLanguage\":\"en-US\",\"potentialAction\":[{\"@type\":\"ReadAction\",\"target\":[\"https:\/\/www.linvitationducolibri.com\/index.php\/elementor-48\/\"]}]},{\"@type\":\"BreadcrumbList\",\"@id\":\"https:\/\/www.linvitationducolibri.com\/index.php\/elementor-48\/#breadcrumb\",\"itemListElement\":[{\"@type\":\"ListItem\",\"position\":1,\"name\":\"Home\",\"item\":\"http:\/\/www.linvitationducolibri.com\/\"},{\"@type\":\"ListItem\",\"position\":2,\"name\":\"Cr\u00e9ations\"}]},{\"@type\":\"WebSite\",\"@id\":\"http:\/\/www.linvitationducolibri.com\/#website\",\"url\":\"http:\/\/www.linvitationducolibri.com\/\",\"name\":\"L&#039;invitation du colibri\",\"description\":\"Virginie Sylvestre-Baron\",\"potentialAction\":[{\"@type\":\"SearchAction\",\"target\":{\"@type\":\"EntryPoint\",\"urlTemplate\":\"http:\/\/www.linvitationducolibri.com\/?s={search_term_string}\"},\"query-input\":\"required name=search_term_string\"}],\"inLanguage\":\"en-US\"}]}<\/script>\n<!-- \/ Yoast SEO plugin. -->","yoast_head_json":{"title":"Cr\u00e9ations - L&#039;invitation du colibri","robots":{"index":"index","follow":"follow","max-snippet":"max-snippet:-1","max-image-preview":"max-image-preview:large","max-video-preview":"max-video-preview:-1"},"canonical":"https:\/\/www.linvitationducolibri.com\/index.php\/elementor-48\/","og_locale":"en_US","og_type":"article","og_title":"Cr\u00e9ations - L&#039;invitation du colibri","og_description":"Et si tu avais ta propre carte d&#8217;identit\u00e9 vibratoire ? Carte de ton essence regroupant toutes tes connaissances et tes potentiels. Je d\u00e9couvre la carte d&#8217;identit\u00e9 vibratoire Ton oeuvre personnelle, miroir de ton \u00e2me. &#8220;J&#8217;ose m&#8217;offrir ce cadeau&#8221; Je d\u00e9couvre les cr\u00e9ations personnalis\u00e9es Une toile se pose avec le langage sacr\u00e9 pour activer les \u00e9nergies [&hellip;]","og_url":"https:\/\/www.linvitationducolibri.com\/index.php\/elementor-48\/","og_site_name":"L&#039;invitation du colibri","article_modified_time":"2024-10-11T13:26:39+00:00","og_image":[{"width":1751,"height":2560,"url":"https:\/\/www.linvitationducolibri.com\/wp-content\/uploads\/2024\/09\/IMG_9066-scaled.jpg","type":"image\/jpeg"}],"twitter_card":"summary_large_image","twitter_misc":{"Est. reading time":"1 minute"},"schema":{"@context":"https:\/\/schema.org","@graph":[{"@type":"WebPage","@id":"https:\/\/www.linvitationducolibri.com\/index.php\/elementor-48\/","url":"https:\/\/www.linvitationducolibri.com\/index.php\/elementor-48\/","name":"Cr\u00e9ations - L&#039;invitation du colibri","isPartOf":{"@id":"http:\/\/www.linvitationducolibri.com\/#website"},"datePublished":"2023-12-12T09:55:20+00:00","dateModified":"2024-10-11T13:26:39+00:00","breadcrumb":{"@id":"https:\/\/www.linvitationducolibri.com\/index.php\/elementor-48\/#breadcrumb"},"inLanguage":"en-US","potentialAction":[{"@type":"ReadAction","target":["https:\/\/www.linvitationducolibri.com\/index.php\/elementor-48\/"]}]},{"@type":"BreadcrumbList","@id":"https:\/\/www.linvitationducolibri.com\/index.php\/elementor-48\/#breadcrumb","itemListElement":[{"@type":"ListItem","position":1,"name":"Home","item":"http:\/\/www.linvitationducolibri.com\/"},{"@type":"ListItem","position":2,"name":"Cr\u00e9ations"}]},{"@type":"WebSite","@id":"http:\/\/www.linvitationducolibri.com\/#website","url":"http:\/\/www.linvitationducolibri.com\/","name":"L&#039;invitation du colibri","description":"Virginie Sylvestre-Baron","potentialAction":[{"@type":"SearchAction","target":{"@type":"EntryPoint","urlTemplate":"http:\/\/www.linvitationducolibri.com\/?s={search_term_string}"},"query-input":"required name=search_term_string"}],"inLanguage":"en-US"}]}},"_links":{"self":[{"href":"https:\/\/www.linvitationducolibri.com\/index.php\/wp-json\/wp\/v2\/pages\/48","targetHints":{"allow":["GET"]}}],"collection":[{"href":"https:\/\/www.linvitationducolibri.com\/index.php\/wp-json\/wp\/v2\/pages"}],"about":[{"href":"https:\/\/www.linvitationducolibri.com\/index.php\/wp-json\/wp\/v2\/types\/page"}],"author":[{"embeddable":true,"href":"https:\/\/www.linvitationducolibri.com\/index.php\/wp-json\/wp\/v2\/users\/1"}],"replies":[{"embeddable":true,"href":"https:\/\/www.linvitationducolibri.com\/index.php\/wp-json\/wp\/v2\/comments?post=48"}],"version-history":[{"count":43,"href":"https:\/\/www.linvitationducolibri.com\/index.php\/wp-json\/wp\/v2\/pages\/48\/revisions"}],"predecessor-version":[{"id":293,"href":"https:\/\/www.linvitationducolibri.com\/index.php\/wp-json\/wp\/v2\/pages\/48\/revisions\/293"}],"wp:featuredmedia":[{"embeddable":true,"href":"https:\/\/www.linvitationducolibri.com\/index.php\/wp-json\/wp\/v2\/media\/185"}],"wp:attachment":[{"href":"https:\/\/www.linvitationducolibri.com\/index.php\/wp-json\/wp\/v2\/media?parent=48"}],"curies":[{"name":"wp","href":"https:\/\/api.w.org\/{rel}","templated":true}]}}