{"id":53,"date":"2023-12-12T10:55:55","date_gmt":"2023-12-12T09:55:55","guid":{"rendered":"http:\/\/www.linvitationducolibri.com\/?page_id=53"},"modified":"2025-02-19T14:35:27","modified_gmt":"2025-02-19T13:35:27","slug":"elementor-53","status":"publish","type":"page","link":"https:\/\/www.linvitationducolibri.com\/index.php\/elementor-53\/","title":{"rendered":"A propos"},"content":{"rendered":"\t\t<div data-elementor-type=\"wp-page\" data-elementor-id=\"53\" class=\"elementor elementor-53\">\n\t\t\t\t\t\t\t<div class=\"elementor-element elementor-element-0075f2d e-flex e-con-boxed e-con e-parent\" data-id=\"0075f2d\" data-element_type=\"container\" data-settings=\"{&quot;content_width&quot;:&quot;boxed&quot;}\" data-core-v316-plus=\"true\">\n\t\t\t\t\t<div class=\"e-con-inner\">\n\t\t<div class=\"elementor-element elementor-element-5aa5b25 e-con-full e-flex e-con e-child\" data-id=\"5aa5b25\" data-element_type=\"container\" data-settings=\"{&quot;content_width&quot;:&quot;full&quot;}\">\n\t\t\t\t<div class=\"elementor-element elementor-element-d1369c5 elementor-widget elementor-widget-image\" data-id=\"d1369c5\" data-element_type=\"widget\" data-widget_type=\"image.default\">\n\t\t\t\t<div class=\"elementor-widget-container\">\n\t\t\t<style>\/*! elementor - v3.18.0 - 08-12-2023 *\/\n.elementor-widget-image{text-align:center}.elementor-widget-image a{display:inline-block}.elementor-widget-image a img[src$=\".svg\"]{width:48px}.elementor-widget-image img{vertical-align:middle;display:inline-block}<\/style>\t\t\t\t\t\t\t\t\t\t\t\t<img fetchpriority=\"high\" decoding=\"async\" width=\"668\" height=\"1024\" src=\"https:\/\/www.linvitationducolibri.com\/wp-content\/uploads\/2025\/02\/unnamed-668x1024.jpg\" class=\"attachment-large size-large wp-image-411\" alt=\"virginie en train de peindre\" srcset=\"https:\/\/www.linvitationducolibri.com\/wp-content\/uploads\/2025\/02\/unnamed-668x1024.jpg 668w, https:\/\/www.linvitationducolibri.com\/wp-content\/uploads\/2025\/02\/unnamed-196x300.jpg 196w, https:\/\/www.linvitationducolibri.com\/wp-content\/uploads\/2025\/02\/unnamed-768x1177.jpg 768w, https:\/\/www.linvitationducolibri.com\/wp-content\/uploads\/2025\/02\/unnamed-1002x1536.jpg 1002w, https:\/\/www.linvitationducolibri.com\/wp-content\/uploads\/2025\/02\/unnamed.jpg 1071w\" sizes=\"(max-width: 668px) 100vw, 668px\" \/>\t\t\t\t\t\t\t\t\t\t\t\t\t\t\t<\/div>\n\t\t\t\t<\/div>\n\t\t\t\t<\/div>\n\t\t<div class=\"elementor-element elementor-element-07aa64b e-con-full e-flex e-con e-child\" data-id=\"07aa64b\" data-element_type=\"container\" data-settings=\"{&quot;content_width&quot;:&quot;full&quot;}\">\n\t\t\t\t<div class=\"elementor-element elementor-element-43750d0 elementor-widget elementor-widget-heading\" data-id=\"43750d0\" data-element_type=\"widget\" data-widget_type=\"heading.default\">\n\t\t\t\t<div class=\"elementor-widget-container\">\n\t\t\t<style>\/*! elementor - v3.18.0 - 08-12-2023 *\/\n.elementor-heading-title{padding:0;margin:0;line-height:1}.elementor-widget-heading .elementor-heading-title[class*=elementor-size-]>a{color:inherit;font-size:inherit;line-height:inherit}.elementor-widget-heading .elementor-heading-title.elementor-size-small{font-size:15px}.elementor-widget-heading .elementor-heading-title.elementor-size-medium{font-size:19px}.elementor-widget-heading .elementor-heading-title.elementor-size-large{font-size:29px}.elementor-widget-heading .elementor-heading-title.elementor-size-xl{font-size:39px}.elementor-widget-heading .elementor-heading-title.elementor-size-xxl{font-size:59px}<\/style><h2 class=\"elementor-heading-title elementor-size-default\">Qui suis-je?<\/h2>\t\t<\/div>\n\t\t\t\t<\/div>\n\t\t\t\t<div class=\"elementor-element elementor-element-0e2a96a elementor-widget elementor-widget-text-editor\" data-id=\"0e2a96a\" data-element_type=\"widget\" data-widget_type=\"text-editor.default\">\n\t\t\t\t<div class=\"elementor-widget-container\">\n\t\t\t<style>\/*! elementor - v3.18.0 - 08-12-2023 *\/\n.elementor-widget-text-editor.elementor-drop-cap-view-stacked .elementor-drop-cap{background-color:#69727d;color:#fff}.elementor-widget-text-editor.elementor-drop-cap-view-framed .elementor-drop-cap{color:#69727d;border:3px solid;background-color:transparent}.elementor-widget-text-editor:not(.elementor-drop-cap-view-default) .elementor-drop-cap{margin-top:8px}.elementor-widget-text-editor:not(.elementor-drop-cap-view-default) .elementor-drop-cap-letter{width:1em;height:1em}.elementor-widget-text-editor .elementor-drop-cap{float:left;text-align:center;line-height:1;font-size:50px}.elementor-widget-text-editor .elementor-drop-cap-letter{display:inline-block}<\/style>\t\t\t\t<p>Mon leitmotiv au quotidien c&#8217;est te <b>donner les<\/b> <b>cl\u00e9s de l&#8217;autonomie<\/b>.\u00a0<\/p><p><span style=\"color: var( --e-global-color-text ); font-family: var( --e-global-typography-text-font-family ), Sans-serif; font-weight: var( --e-global-typography-text-font-weight ); text-align: var(--text-align); font-size: 16.0016px;\">Nous sommes cribl\u00e9s de croyances et de dissonances\u00a0 qui plombent notre \u00eatre v\u00e9ritable. Tu sais, c&#8217;est celui que tu <\/span><span style=\"color: var( --e-global-color-text ); font-family: var( --e-global-typography-text-font-family ), Sans-serif; text-align: var(--text-align); font-size: 16.0016px;\"><b>sens en toi qui tend vers sa libert\u00e9 d&#8217;\u00eatre<\/b><\/span><span style=\"color: var( --e-global-color-text ); font-family: var( --e-global-typography-text-font-family ), Sans-serif; font-weight: var( --e-global-typography-text-font-weight ); text-align: var(--text-align); font-size: 16.0016px;\">. Nous sommes porteurs d&#8217;h\u00e9ritages <strong>transg\u00e9n\u00e9rationnels<\/strong> ou appartenant \u00e0 d&#8217;autres vies. Mon objectif est de t&#8217;accompagner <strong>\u00e0 te d\u00e9lester totalement pour revenir \u00e0 qui tu es r\u00e9ellement.<\/strong>\u00a0<\/span><\/p><p>\u00a0<\/p><p>J&#8217;ai acc\u00e8s \u00e0 toutes formes de m\u00e9moire, celles des anciennes vies ou des traumatismes v\u00e9cues dans cette vie. Ma m\u00e9thode consiste \u00e0 <b>valider avec toi o\u00f9 tu ressens et \u00e9prouve les ressentis dans ton corps<\/b>. Je mets un point d&#8217;honneur \u00e0 prendre le temps avec toi pour que cette d\u00e9couverte soit claire et pr\u00e9cise et que tu restes ma\u00eetre de ce que tu vis. Avec moi, appr\u00eate \u00e0 vivre une <b>s\u00e9ance d&#8217;au moins 2h<\/b>. Je te pr\u00e9conise de ne rien pr\u00e9voir apr\u00e8s la s\u00e9ance afin de profiter pleinement des bienfaits et des<b> prises de conscience<\/b> de la s\u00e9ance.<\/p><p>Le <b>massage <\/b>est un de mes nombreux outils qui me permet d&#8217;allier<b> soins \u00e9nerg\u00e9tiques<\/b> et d\u00e9tente. Le choix de mes outils varie en fonction de ton \u00e9nergie et de ta probl\u00e9matique lorsque tu viens me voir. Nous pourrons ainsi <b>d\u00e9cristalliser au niveau corporel, mental et de ta conscience sup\u00e9rieure<\/b>, que tu sois \u00e0 mon cabinet ou \u00e0 distance. L&#8217;\u00e9nergie n&#8217;a pas de fronti\u00e8res.\u00a0<\/p><p><b>10 ans de pratiques<\/b>, agr\u00e9ment\u00e9s de formations sur la lib\u00e9ration des traumatismes, entre autres. La canalisation que je re\u00e7ois avant de te recevoir est tr\u00e8s pr\u00e9cise et personnelle et m&#8217;am\u00e8ne \u00e0 avoir une pratique unique \u00e0 ta pr\u00e9sence.\u00a0\u00a0<\/p><p>Mon <b>approche est douce<\/b>, tout en allant droit au but. C&#8217;est le <b>consultant qui laisse libre court \u00e0 son autonomie et ce qu&#8217;il est capable de com<\/b>prendre et de valider.\u00a0<\/p>\t\t\t\t\t\t<\/div>\n\t\t\t\t<\/div>\n\t\t\t\t<\/div>\n\t\t\t\t\t<\/div>\n\t\t\t\t<\/div>\n\t\t<div class=\"elementor-element elementor-element-8dc863e e-flex e-con-boxed e-con e-parent\" data-id=\"8dc863e\" data-element_type=\"container\" data-settings=\"{&quot;content_width&quot;:&quot;boxed&quot;}\" data-core-v316-plus=\"true\">\n\t\t\t\t\t<div class=\"e-con-inner\">\n\t\t<div class=\"elementor-element elementor-element-b76150c e-con-full e-flex e-con e-child\" data-id=\"b76150c\" data-element_type=\"container\" data-settings=\"{&quot;content_width&quot;:&quot;full&quot;}\">\n\t\t\t\t<div class=\"elementor-element elementor-element-976b987 elementor-widget elementor-widget-heading\" data-id=\"976b987\" data-element_type=\"widget\" data-widget_type=\"heading.default\">\n\t\t\t\t<div class=\"elementor-widget-container\">\n\t\t\t<h2 class=\"elementor-heading-title elementor-size-default\">Mon parcours<\/h2>\t\t<\/div>\n\t\t\t\t<\/div>\n\t\t\t\t<div class=\"elementor-element elementor-element-9cbdf64 elementor-widget elementor-widget-text-editor\" data-id=\"9cbdf64\" data-element_type=\"widget\" data-widget_type=\"text-editor.default\">\n\t\t\t\t<div class=\"elementor-widget-container\">\n\t\t\t\t\t\t\t<p>Apr\u00e8s de longues ann\u00e9es dans la vente, je me suis retrouv\u00e9e en 2007, t\u00e9tanis\u00e9e \u00e0 l&#8217;id\u00e9e de rester dans ce travail. J&#8217;ai donc d\u00e9cid\u00e9 de faire une formation de trois ans de<b> m\u00e9decine chinoise<\/b> \u00e0 titre purement personnel.\u00a0<\/p><p>Cette formation a \u00e9t\u00e9 une <b>r\u00e9v\u00e9lation <\/b>sur la capacit\u00e9 du corps \u00e0 se r\u00e9g\u00e9n\u00e9rer et \u00e0 communiquer sur des pathologies, qu&#8217;elles soient <b>physiques <\/b>ou <b>psychologiques<\/b>. D\u00e8s la premi\u00e8re personne accueillie en s\u00e9ance, quand j&#8217;ai pris ses &#8220;pouls antiques&#8221;, j&#8217;ai eu des images et des sensations dans les mains par rapport \u00e0 la probl\u00e9matique de la personne. Je n&#8217;ai pas os\u00e9 lui dire. Mais c&#8217;\u00e9tait plus fort que moi, je lui ai donc racont\u00e9 ce que j&#8217;ai vu et spontan\u00e9ment elle m&#8217;a dit que c&#8217;\u00e9tait la probl\u00e9matique qu&#8217;elle avait rencontr\u00e9 il y a quelques mois. Son ecz\u00e9ma a compl\u00e8tement disparu suite \u00e0 la s\u00e9ance.<\/p>\t\t\t\t\t\t<\/div>\n\t\t\t\t<\/div>\n\t\t\t\t<\/div>\n\t\t<div class=\"elementor-element elementor-element-e82025a e-con-full e-flex e-con e-child\" data-id=\"e82025a\" data-element_type=\"container\" data-settings=\"{&quot;content_width&quot;:&quot;full&quot;}\">\n\t\t\t\t<div class=\"elementor-element elementor-element-baecde1 elementor-widget elementor-widget-text-editor\" data-id=\"baecde1\" data-element_type=\"widget\" data-widget_type=\"text-editor.default\">\n\t\t\t\t<div class=\"elementor-widget-container\">\n\t\t\t\t\t\t\t<p><span style=\"font-size: 16.0016px; color: var( --e-global-color-text ); font-family: var( --e-global-typography-text-font-family ), Sans-serif; font-weight: var( --e-global-typography-text-font-weight ); text-align: var(--text-align);\">Suite \u00e0 ce chamboulement personnel, la vie m&#8217;a guid\u00e9e vers un m\u00e9dium qui m&#8217;a confirm\u00e9 que j&#8217;\u00e9tais <strong>m\u00e9dium<\/strong> et que j&#8217;\u00e9tais faite aussi pour faire des soins. Nous avons \u00e9chang\u00e9 nos pratiques\u00a0 afin de me permettre de gagner confiance. S&#8217;en est suivi une collaboration ensemble o\u00f9 nous avons partag\u00e9 son cabinet.\u00a0<\/span>C&#8217;\u00e9tait en 2018.\u00a0<\/p><p>Depuis, je ne cesse de d\u00e9couvrir le <b>potentiel du canal m\u00e9diumnique et de l&#8217;\u00e9nergie<\/b>. J&#8217;ai ainsi exp\u00e9riment\u00e9 de nombreuses situations et<b> accompagn\u00e9 plus de 200 personnes.\u00a0<\/b><\/p><p>J&#8217;ai toujours \u00e0 coeur d&#8217;offrir une s\u00e9ance tr\u00e8s personnelle et donc individualis\u00e9e tant sur la m\u00e9thode utilis\u00e9e, le vocabulaire et le temps.\u00a0<\/p>\t\t\t\t\t\t<\/div>\n\t\t\t\t<\/div>\n\t\t\t\t<\/div>\n\t\t\t\t\t<\/div>\n\t\t\t\t<\/div>\n\t\t<div class=\"elementor-element elementor-element-d708bdc e-flex e-con-boxed e-con e-parent\" data-id=\"d708bdc\" data-element_type=\"container\" data-settings=\"{&quot;content_width&quot;:&quot;boxed&quot;}\" data-core-v316-plus=\"true\">\n\t\t\t\t\t<div class=\"e-con-inner\">\n\t\t\t\t<div class=\"elementor-element elementor-element-b9219e9 elementor-widget elementor-widget-heading\" data-id=\"b9219e9\" data-element_type=\"widget\" data-widget_type=\"heading.default\">\n\t\t\t\t<div class=\"elementor-widget-container\">\n\t\t\t<h2 class=\"elementor-heading-title elementor-size-default\">Si tu souhaites prendre RDV, <br>tout se passe par SMS ou par mail. <br>07 78 18 46 94<br>vsb56.pro@gmail.com<\/h2>\t\t<\/div>\n\t\t\t\t<\/div>\n\t\t\t\t\t<\/div>\n\t\t\t\t<\/div>\n\t\t\t\t\t\t\t<\/div>\n\t\t","protected":false},"excerpt":{"rendered":"<p>Qui suis-je? Mon leitmotiv au quotidien c&#8217;est te donner les cl\u00e9s de l&#8217;autonomie.\u00a0 Nous sommes cribl\u00e9s de croyances et de dissonances\u00a0 qui plombent notre \u00eatre v\u00e9ritable. Tu sais, c&#8217;est celui que tu sens en toi qui tend vers sa libert\u00e9 d&#8217;\u00eatre. Nous sommes porteurs d&#8217;h\u00e9ritages transg\u00e9n\u00e9rationnels ou appartenant \u00e0 d&#8217;autres vies. Mon objectif est de [&hellip;]<\/p>\n","protected":false},"author":1,"featured_media":0,"parent":0,"menu_order":0,"comment_status":"closed","ping_status":"closed","template":"","meta":{"footnotes":""},"class_list":["post-53","page","type-page","status-publish","hentry"],"yoast_head":"<!-- This site is optimized with the Yoast SEO plugin v21.6 - https:\/\/yoast.com\/wordpress\/plugins\/seo\/ -->\n<title>A propos - L&#039;invitation du colibri<\/title>\n<meta name=\"robots\" content=\"index, follow, max-snippet:-1, max-image-preview:large, max-video-preview:-1\" \/>\n<link rel=\"canonical\" href=\"https:\/\/www.linvitationducolibri.com\/index.php\/elementor-53\/\" \/>\n<meta property=\"og:locale\" content=\"en_US\" \/>\n<meta property=\"og:type\" content=\"article\" \/>\n<meta property=\"og:title\" content=\"A propos - L&#039;invitation du colibri\" \/>\n<meta property=\"og:description\" content=\"Qui suis-je? Mon leitmotiv au quotidien c&#8217;est te donner les cl\u00e9s de l&#8217;autonomie.\u00a0 Nous sommes cribl\u00e9s de croyances et de dissonances\u00a0 qui plombent notre \u00eatre v\u00e9ritable. Tu sais, c&#8217;est celui que tu sens en toi qui tend vers sa libert\u00e9 d&#8217;\u00eatre. Nous sommes porteurs d&#8217;h\u00e9ritages transg\u00e9n\u00e9rationnels ou appartenant \u00e0 d&#8217;autres vies. Mon objectif est de [&hellip;]\" \/>\n<meta property=\"og:url\" content=\"https:\/\/www.linvitationducolibri.com\/index.php\/elementor-53\/\" \/>\n<meta property=\"og:site_name\" content=\"L&#039;invitation du colibri\" \/>\n<meta property=\"article:modified_time\" content=\"2025-02-19T13:35:27+00:00\" \/>\n<meta property=\"og:image\" content=\"http:\/\/www.linvitationducolibri.com\/wp-content\/uploads\/2025\/02\/unnamed-668x1024.jpg\" \/>\n<meta name=\"twitter:card\" content=\"summary_large_image\" \/>\n<meta name=\"twitter:label1\" content=\"Est. reading time\" \/>\n\t<meta name=\"twitter:data1\" content=\"3 minutes\" \/>\n<script type=\"application\/ld+json\" class=\"yoast-schema-graph\">{\"@context\":\"https:\/\/schema.org\",\"@graph\":[{\"@type\":\"WebPage\",\"@id\":\"https:\/\/www.linvitationducolibri.com\/index.php\/elementor-53\/\",\"url\":\"https:\/\/www.linvitationducolibri.com\/index.php\/elementor-53\/\",\"name\":\"A propos - L&#039;invitation du colibri\",\"isPartOf\":{\"@id\":\"http:\/\/www.linvitationducolibri.com\/#website\"},\"datePublished\":\"2023-12-12T09:55:55+00:00\",\"dateModified\":\"2025-02-19T13:35:27+00:00\",\"breadcrumb\":{\"@id\":\"https:\/\/www.linvitationducolibri.com\/index.php\/elementor-53\/#breadcrumb\"},\"inLanguage\":\"en-US\",\"potentialAction\":[{\"@type\":\"ReadAction\",\"target\":[\"https:\/\/www.linvitationducolibri.com\/index.php\/elementor-53\/\"]}]},{\"@type\":\"BreadcrumbList\",\"@id\":\"https:\/\/www.linvitationducolibri.com\/index.php\/elementor-53\/#breadcrumb\",\"itemListElement\":[{\"@type\":\"ListItem\",\"position\":1,\"name\":\"Home\",\"item\":\"http:\/\/www.linvitationducolibri.com\/\"},{\"@type\":\"ListItem\",\"position\":2,\"name\":\"A propos\"}]},{\"@type\":\"WebSite\",\"@id\":\"http:\/\/www.linvitationducolibri.com\/#website\",\"url\":\"http:\/\/www.linvitationducolibri.com\/\",\"name\":\"L&#039;invitation du colibri\",\"description\":\"Virginie Sylvestre-Baron\",\"potentialAction\":[{\"@type\":\"SearchAction\",\"target\":{\"@type\":\"EntryPoint\",\"urlTemplate\":\"http:\/\/www.linvitationducolibri.com\/?s={search_term_string}\"},\"query-input\":\"required name=search_term_string\"}],\"inLanguage\":\"en-US\"}]}<\/script>\n<!-- \/ Yoast SEO plugin. -->","yoast_head_json":{"title":"A propos - L&#039;invitation du colibri","robots":{"index":"index","follow":"follow","max-snippet":"max-snippet:-1","max-image-preview":"max-image-preview:large","max-video-preview":"max-video-preview:-1"},"canonical":"https:\/\/www.linvitationducolibri.com\/index.php\/elementor-53\/","og_locale":"en_US","og_type":"article","og_title":"A propos - L&#039;invitation du colibri","og_description":"Qui suis-je? Mon leitmotiv au quotidien c&#8217;est te donner les cl\u00e9s de l&#8217;autonomie.\u00a0 Nous sommes cribl\u00e9s de croyances et de dissonances\u00a0 qui plombent notre \u00eatre v\u00e9ritable. Tu sais, c&#8217;est celui que tu sens en toi qui tend vers sa libert\u00e9 d&#8217;\u00eatre. Nous sommes porteurs d&#8217;h\u00e9ritages transg\u00e9n\u00e9rationnels ou appartenant \u00e0 d&#8217;autres vies. Mon objectif est de [&hellip;]","og_url":"https:\/\/www.linvitationducolibri.com\/index.php\/elementor-53\/","og_site_name":"L&#039;invitation du colibri","article_modified_time":"2025-02-19T13:35:27+00:00","og_image":[{"url":"http:\/\/www.linvitationducolibri.com\/wp-content\/uploads\/2025\/02\/unnamed-668x1024.jpg"}],"twitter_card":"summary_large_image","twitter_misc":{"Est. reading time":"3 minutes"},"schema":{"@context":"https:\/\/schema.org","@graph":[{"@type":"WebPage","@id":"https:\/\/www.linvitationducolibri.com\/index.php\/elementor-53\/","url":"https:\/\/www.linvitationducolibri.com\/index.php\/elementor-53\/","name":"A propos - L&#039;invitation du colibri","isPartOf":{"@id":"http:\/\/www.linvitationducolibri.com\/#website"},"datePublished":"2023-12-12T09:55:55+00:00","dateModified":"2025-02-19T13:35:27+00:00","breadcrumb":{"@id":"https:\/\/www.linvitationducolibri.com\/index.php\/elementor-53\/#breadcrumb"},"inLanguage":"en-US","potentialAction":[{"@type":"ReadAction","target":["https:\/\/www.linvitationducolibri.com\/index.php\/elementor-53\/"]}]},{"@type":"BreadcrumbList","@id":"https:\/\/www.linvitationducolibri.com\/index.php\/elementor-53\/#breadcrumb","itemListElement":[{"@type":"ListItem","position":1,"name":"Home","item":"http:\/\/www.linvitationducolibri.com\/"},{"@type":"ListItem","position":2,"name":"A propos"}]},{"@type":"WebSite","@id":"http:\/\/www.linvitationducolibri.com\/#website","url":"http:\/\/www.linvitationducolibri.com\/","name":"L&#039;invitation du colibri","description":"Virginie Sylvestre-Baron","potentialAction":[{"@type":"SearchAction","target":{"@type":"EntryPoint","urlTemplate":"http:\/\/www.linvitationducolibri.com\/?s={search_term_string}"},"query-input":"required name=search_term_string"}],"inLanguage":"en-US"}]}},"_links":{"self":[{"href":"https:\/\/www.linvitationducolibri.com\/index.php\/wp-json\/wp\/v2\/pages\/53","targetHints":{"allow":["GET"]}}],"collection":[{"href":"https:\/\/www.linvitationducolibri.com\/index.php\/wp-json\/wp\/v2\/pages"}],"about":[{"href":"https:\/\/www.linvitationducolibri.com\/index.php\/wp-json\/wp\/v2\/types\/page"}],"author":[{"embeddable":true,"href":"https:\/\/www.linvitationducolibri.com\/index.php\/wp-json\/wp\/v2\/users\/1"}],"replies":[{"embeddable":true,"href":"https:\/\/www.linvitationducolibri.com\/index.php\/wp-json\/wp\/v2\/comments?post=53"}],"version-history":[{"count":13,"href":"https:\/\/www.linvitationducolibri.com\/index.php\/wp-json\/wp\/v2\/pages\/53\/revisions"}],"predecessor-version":[{"id":414,"href":"https:\/\/www.linvitationducolibri.com\/index.php\/wp-json\/wp\/v2\/pages\/53\/revisions\/414"}],"wp:attachment":[{"href":"https:\/\/www.linvitationducolibri.com\/index.php\/wp-json\/wp\/v2\/media?parent=53"}],"curies":[{"name":"wp","href":"https:\/\/api.w.org\/{rel}","templated":true}]}}